{"id":754,"date":"2024-05-26T18:18:38","date_gmt":"2024-05-26T18:18:38","guid":{"rendered":"https:\/\/www.inventaria.at\/?page_id=754"},"modified":"2024-08-24T09:59:31","modified_gmt":"2024-08-24T09:59:31","slug":"raumsimulationen","status":"publish","type":"page","link":"https:\/\/www.inventaria.at\/gb\/raumsimulationen\/","title":{"rendered":"Raumsimulationen"},"content":{"rendered":"\t\t<div data-elementor-type=\"wp-page\" data-elementor-id=\"754\" class=\"elementor elementor-754\">\n\t\t\t\t\t\t<section class=\"elementor-section elementor-top-section elementor-element elementor-element-4e8e10b3 elementor-section-boxed elementor-section-height-default elementor-section-height-default\" data-id=\"4e8e10b3\" data-element_type=\"section\">\n\t\t\t\t\t\t<div class=\"elementor-container elementor-column-gap-default\">\n\t\t\t\t\t<div class=\"aux-parallax-section elementor-column elementor-col-100 elementor-top-column elementor-element elementor-element-5cdc94fe\" data-id=\"5cdc94fe\" data-element_type=\"column\">\n\t\t\t<div class=\"elementor-widget-wrap elementor-element-populated\">\n\t\t\t\t\t\t<div class=\"elementor-element elementor-element-52462f04 elementor-widget elementor-widget-depicter_slider\" data-id=\"52462f04\" data-element_type=\"widget\" data-widget_type=\"depicter_slider.default\">\n\t\t\t\t<div class=\"elementor-widget-container\">\n\t\t\t\t\t<style id=\"depicter-52-inline-pre-css\">\n\n.depicter-52:not(.depicter-ready){\n\theight:500px;\n}\n\n\/***** Tablet *****\/\n@media screen and (max-width: 1024px){\n\n.depicter-52:not(.depicter-ready){\n\theight:500px;\n}\n\n}\n\/***** Mobile *****\/\n@media screen and (max-width: 767px){\n\n.depicter-52:not(.depicter-ready){\n\theight:400px;\n}\n\n}\n<\/style>\n<div id=\"depicter-52\" class=\"depicter depicter-document depicter-revert depicter-52 depicter-layout-fullwidth\">\n\n<div class=\"depicter-loading-container depicter-loading oval-dark\"><svg class=\"depicter-single-svg-loading\" viewBox=\"0 0 38 38\" xmlns=\"http:\/\/www.w3.org\/2000\/svg\">\n   <g fill=\"none\" fill-rule=\"evenodd\">\n      <g transform=\"translate(1 1)\" stroke-width=\"2\">\n         <circle stroke-opacity=\".5\" cx=\"18\" cy=\"18\" r=\"18\" \/>\n         <path d=\"M36 18c0-9.94-8.06-18-18-18\">\n            <animateTransform attributeName=\"transform\" type=\"rotate\" from=\"0 18 18\" to=\"360 18 18\" dur=\"1s\" repeatCount=\"indefinite\" \/>\n         <\/path>\n      <\/g>\n   <\/g>\n<\/svg>\n<\/div>\n<div id=\"depicter-52-section-1\" class=\"depicter-section depicter-52-section-1\" data-name=\"Slide 1\" data-local-id=\"section-1\">\n<picture class=\"depicter-bg\">\n<source data-depicter-srcset=\"https:\/\/www.inventaria.at\/wp-content\/uploads\/2024\/05\/Abb2SchlossBruckRetterfoto_01_400-768x768.jpg, https:\/\/www.inventaria.at\/wp-content\/uploads\/2024\/05\/Abb2SchlossBruckRetterfoto_01_400.jpg 2x\" srcset=\"data:image\/gif;base64,R0lGODlhAQABAIAAAAAAAP\/\/\/yH5BAEAAAAALAAAAAABAAEAAAIBRAA7\" media=\"(max-width: 1024px)\" \/>\n\n<source data-depicter-srcset=\"https:\/\/www.inventaria.at\/wp-content\/uploads\/2024\/05\/Abb2SchlossBruckRetterfoto_01_400.jpg, https:\/\/www.inventaria.at\/wp-content\/uploads\/2024\/05\/Abb2SchlossBruckRetterfoto_01_400-1858x1239.jpg 2x\" srcset=\"data:image\/gif;base64,R0lGODlhAQABAIAAAAAAAP\/\/\/yH5BAEAAAAALAAAAAABAAEAAAIBRAA7\" media=\"(min-width: 1025px)\" \/>\n<img decoding=\"async\" src=\"data:image\/gif;base64,R0lGODlhAQABAIAAAAAAAP\/\/\/yH5BAEAAAAALAAAAAABAAEAAAIBRAA7\" alt=\"Schloss Bruck Retterfoto\" data-depicter-src=\"https:\/\/www.inventaria.at\/wp-content\/uploads\/2024\/05\/Abb2SchlossBruckRetterfoto_01_400.jpg\" \/>\n<\/picture>\n\n\n<h1 data-animation-in=\"{'direction':'bottom','easing':'easeOutExpo','duration':2300,'movement':200,'fade':false,'type':'move'}\" data-between-in-out=\"false\" id=\"depicter-52-element-9\" class=\"depicter-element depicter-layer depicter-52-element-9\" data-type=\"text\" data-wrap=\"true\" data-name=\"Element 9\" data-local-id=\"element-9\" data-offset=\"x:135px;y:201px;origin:tl\" data-tablet-offset=\"x:34px;y:66px;origin:tl\" data-mobile-offset=\"x:15px;y:55px;origin:tl\" data-width=\"723px,662.5px,auto\" data-height=\"auto,auto,auto\" data-responsive-scale=\"true,,\">Raumsimulationen<br>in 2D und 3D<\/h1>\n\n<p data-animation-in=\"{'direction':'left','easing':'easeOutQuart','duration':1000,'movement':0,'scale':1.149999999999999911182158029987476766109466552734375,'delay':600,'type':'move'}\" data-animation-out=\"{'direction':'left','easing':'easeInOutCubic','duration':800,'movement':0,'type':'move'}\" data-between-in-out=\"false\" data-tablet-animation-in=\"{'direction':'left','easing':'easeInOutExpo','duration':800,'movement':0,'type':'move'}\" data-tablet-animation-out=\"{'direction':'left','easing':'easeInOutCubic','duration':800,'movement':0,'type':'move'}\" data-mobile-animation-in=\"{'direction':'left','easing':'easeInOutExpo','duration':800,'movement':0,'type':'move'}\" data-mobile-animation-out=\"{'direction':'left','easing':'easeInOutCubic','duration':800,'movement':0,'type':'move'}\" data-wait-for-action=\"true\" id=\"depicter-52-element-89\" class=\"depicter-element depicter-layer depicter-52-element-89\" data-type=\"text\" data-wrap=\"true\" data-name=\"Text 15\" data-local-id=\"element-89\" data-offset=\"x:59px;y:465px;origin:tl\" data-tablet-offset=\"x:70px;y:446px;origin:tl\" data-mobile-offset=\"x:56px;y:347px;origin:tl\" data-width=\"702px,500px,304px\" data-height=\"auto,auto,auto\" data-responsive-scale=\"true,,\">Schloss Bruck Retter<\/p>\n\n<button data-between-in-out=\"false\" data-wait-for-action=\"true\" id=\"depicter-52-element-98\" class=\"depicter-element depicter-layer depicter-52-element-98\" data-type=\"button\" data-wrap=\"true\" data-name=\"Button 1\" data-local-id=\"element-98\" data-offset=\"x:14px;y:462px;origin:tl\" data-tablet-offset=\"x:27px;y:443px;origin:tl\" data-mobile-offset=\"x:15px;y:353px;origin:tl\" data-actions=\"[['elements','click',0,{'elements':['element-89'],'type':'toggle'}]]\" data-width=\"31px,31px,31px\" data-height=\"29px,29px,29px\" data-responsive-scale=\"true,,\"><span class=\"dp-inner-content\">c<\/span><\/button><\/div>\n<\/div>\n<script>\n(window.depicterSetups = window.depicterSetups || []).push(function(){\n\tDepicter.basePath = 'https:\/\/www.inventaria.at\/wp-content\/plugins\/depicter\/resources\/scripts\/player\/';\n\tconst dpPlayer = Depicter.setup('.depicter-52',\n\t\t{\"width\":[\"1600\",\"1024\",\"360\"],\"height\":[\"500\",\"500\",\"400\"],\"view\":\"fade\",\"keepAspectRatio\":false,\"preload\":0,\"layout\":\"fullwidth\",\"rtl\":false,\"initAfterAppear\":false,\"ajaxApiUrl\":\"https:\\\/\\\/www.inventaria.at\\\/wp-admin\\\/admin-ajax.php\",\"viewOptions\":{\"loop\":true},\"mouseSwipe\":true,\"touchSwipe\":true,\"useWatermark\":false}\n\t);\n});\n<\/script>\t\t\t\t<\/div>\n\t\t\t\t<\/div>\n\t\t\t\t\t<\/div>\n\t\t<\/div>\n\t\t\t\t\t<\/div>\n\t\t<\/section>\n\t\t\t\t<section class=\"elementor-section elementor-top-section elementor-element elementor-element-459fcb63 elementor-reverse-mobile elementor-section-boxed elementor-section-height-default elementor-section-height-default\" data-id=\"459fcb63\" data-element_type=\"section\">\n\t\t\t\t\t\t<div class=\"elementor-container elementor-column-gap-default\">\n\t\t\t\t\t<div class=\"aux-parallax-section elementor-column elementor-col-100 elementor-top-column elementor-element elementor-element-43fe1bce\" data-id=\"43fe1bce\" data-element_type=\"column\">\n\t\t\t<div class=\"elementor-widget-wrap elementor-element-populated\">\n\t\t\t\t\t\t<div class=\"elementor-element elementor-element-68c6f932 aux-appear-watch-animation aux-fade-in-up elementor-widget elementor-widget-text-editor\" data-id=\"68c6f932\" data-element_type=\"widget\" data-widget_type=\"text-editor.default\">\n\t\t\t\t<div class=\"elementor-widget-container\">\n\t\t\t\t\t\t\t\t\t<p>Ein Projektschwerpunkt widmet sich der Praxis des Inventarisierens durch die Modellierung von Raumsituationen in ausgew\u00e4hlten Tiroler Burgen. Genauer gesagt handelt es sich um die Rekonstruktion von deren Bauzust\u00e4nden im Zeitraum, in dem Inventarisierungen vorgenommen wurden. Anhand dieser Modellierungen sollen schlie\u00dflich Simulationen erm\u00f6glicht werden, durch welche der konkrete Prozess der Inventarisierung in den historischen Geb\u00e4uden nachvollzogen werden kann. Dieses Workpackage wird am IMAREAL umgesetzt.<br><\/p>\t\t\t\t\t\t\t\t<\/div>\n\t\t\t\t<\/div>\n\t\t\t\t<div class=\"elementor-element elementor-element-30fb425f aux-appear-watch-animation aux-fade-in-right elementor-widget elementor-widget-text-editor\" data-id=\"30fb425f\" data-element_type=\"widget\" data-widget_type=\"text-editor.default\">\n\t\t\t\t<div class=\"elementor-widget-container\">\n\t\t\t\t\t\t\t\t\t<div class=\"aux-bus2-title-divider\">\u00a0<\/div>\t\t\t\t\t\t\t\t<\/div>\n\t\t\t\t<\/div>\n\t\t\t\t<div class=\"elementor-element elementor-element-0083d64 aux-appear-watch-animation aux-fade-in-up elementor-widget elementor-widget-text-editor\" data-id=\"0083d64\" data-element_type=\"widget\" data-widget_type=\"text-editor.default\">\n\t\t\t\t<div class=\"elementor-widget-container\">\n\t\t\t\t\t\t\t\t\t<p>Ausgehend vom Vorliegen von raumbezogenen Inventaren, dem wissenschaftlichen Forschungsstand vor allem im Bereich der Bauforschung und aktuellen 2D-Grundrisspl\u00e4nen schlie\u00dfen wir eine 3D-Modellierung an. Eine besondere Herausforderung liegt in der dabei angestrebten Darstellung gesicherter oder ungesicherter Rekonstruktionsvarianten. Dies ist nicht nur bei der Ausblendung sp\u00e4terer Anbauten ein wichtiges Thema, sondern auch bei der Rekonstruktion ehemaliger, heute nicht mehr existierender Geb\u00e4udetrakte. Die Einbeziehung raumbezogener Informationen aus den Inventaren spielt dabei eine wichtige Rolle.<\/p><p>Geplant sind Raumsimulationen in 2D und 3D f\u00fcr folgende Burgen und Schl\u00f6sser:<\/p>\t\t\t\t\t\t\t\t<\/div>\n\t\t\t\t<\/div>\n\t\t\t\t<div class=\"elementor-element elementor-element-d54c0a6 elementor-icon-list--layout-traditional elementor-list-item-link-full_width elementor-widget elementor-widget-icon-list\" data-id=\"d54c0a6\" data-element_type=\"widget\" data-widget_type=\"icon-list.default\">\n\t\t\t\t<div class=\"elementor-widget-container\">\n\t\t\t\t\t\t\t<ul class=\"elementor-icon-list-items\">\n\t\t\t\t\t\t\t<li class=\"elementor-icon-list-item\">\n\t\t\t\t\t\t\t\t\t\t\t<span class=\"elementor-icon-list-icon\">\n\t\t\t\t\t\t\t<i aria-hidden=\"true\" class=\"fab fa-fort-awesome\"><\/i>\t\t\t\t\t\t<\/span>\n\t\t\t\t\t\t\t\t\t\t<span class=\"elementor-icon-list-text\">Bruck (Osttirol)<\/span>\n\t\t\t\t\t\t\t\t\t<\/li>\n\t\t\t\t\t\t\t\t<li class=\"elementor-icon-list-item\">\n\t\t\t\t\t\t\t\t\t\t\t<span class=\"elementor-icon-list-icon\">\n\t\t\t\t\t\t\t<i aria-hidden=\"true\" class=\"fab fa-fort-awesome\"><\/i>\t\t\t\t\t\t<\/span>\n\t\t\t\t\t\t\t\t\t\t<span class=\"elementor-icon-list-text\">Finsterm\u00fcnz und Hasegg (Nordtirol)<\/span>\n\t\t\t\t\t\t\t\t\t<\/li>\n\t\t\t\t\t\t\t\t<li class=\"elementor-icon-list-item\">\n\t\t\t\t\t\t\t\t\t\t\t<span class=\"elementor-icon-list-icon\">\n\t\t\t\t\t\t\t<i aria-hidden=\"true\" class=\"fab fa-fort-awesome\"><\/i>\t\t\t\t\t\t<\/span>\n\t\t\t\t\t\t\t\t\t\t<span class=\"elementor-icon-list-text\">Runkelstein und Tirol (S\u00fcdtirol)<\/span>\n\t\t\t\t\t\t\t\t\t<\/li>\n\t\t\t\t\t\t<\/ul>\n\t\t\t\t\t\t<\/div>\n\t\t\t\t<\/div>\n\t\t\t\t<div class=\"elementor-element elementor-element-dced309 aux-appear-watch-animation aux-fade-in-right elementor-widget elementor-widget-text-editor\" data-id=\"dced309\" data-element_type=\"widget\" data-widget_type=\"text-editor.default\">\n\t\t\t\t<div class=\"elementor-widget-container\">\n\t\t\t\t\t\t\t\t\t<div class=\"aux-bus2-title-divider\">\u00a0<\/div>\t\t\t\t\t\t\t\t<\/div>\n\t\t\t\t<\/div>\n\t\t\t\t<div class=\"elementor-element elementor-element-cc2a37c aux-appear-watch-animation aux-fade-in-up elementor-widget elementor-widget-text-editor\" data-id=\"cc2a37c\" data-element_type=\"widget\" data-widget_type=\"text-editor.default\">\n\t\t\t\t<div class=\"elementor-widget-container\">\n\t\t\t\t\t\t\t\t\t<p>Am Beispiel von Schloss Bruck (Lienz, Osttirol) kann anhand des Inventars von 1501 aus dem Tiroler Landesarchiv, Inventare 203\/1 der Weg durch die Burg nachgezeichnet werden:<\/p>\t\t\t\t\t\t\t\t<\/div>\n\t\t\t\t<\/div>\n\t\t\t\t<div class=\"elementor-element elementor-element-2c7dc35 gallery-spacing-custom elementor-widget elementor-widget-image-gallery\" data-id=\"2c7dc35\" data-element_type=\"widget\" data-widget_type=\"image-gallery.default\">\n\t\t\t\t<div class=\"elementor-widget-container\">\n\t\t\t\t\t\t\t<div class=\"elementor-image-gallery\">\n\t\t\t<div id='gallery-1' class='gallery galleryid-754 gallery-columns-1 gallery-size-1536x1536'><figure class='gallery-item'>\n\t\t\t<div class='gallery-icon landscape'>\n\t\t\t\t<a data-elementor-open-lightbox=\"yes\" data-elementor-lightbox-slideshow=\"2c7dc35\" data-elementor-lightbox-title=\"Abb1SchlossBruck24-og1-TXT_400\" data-elementor-lightbox-description=\"Schluss Bruck, 1. OG, Plan von Architekt DI Mitterberger\" data-e-action-hash=\"#elementor-action%3Aaction%3Dlightbox%26settings%3DeyJpZCI6NzU3LCJ1cmwiOiJodHRwczpcL1wvd3d3LmludmVudGFyaWEuYXRcL3dwLWNvbnRlbnRcL3VwbG9hZHNcLzIwMjRcLzA1XC9BYmIxU2NobG9zc0JydWNrMjQtb2cxLVRYVF80MDAtc2NhbGVkLmpwZyIsInNsaWRlc2hvdyI6IjJjN2RjMzUifQ%3D%3D\" href='https:\/\/www.inventaria.at\/wp-content\/uploads\/2024\/05\/Abb1SchlossBruck24-og1-TXT_400-scaled.jpg'><img fetchpriority=\"high\" decoding=\"async\" width=\"1536\" height=\"940\" src=\"https:\/\/www.inventaria.at\/wp-content\/uploads\/2024\/05\/Abb1SchlossBruck24-og1-TXT_400-1536x940.jpg\" class=\"attachment-1536x1536 size-1536x1536\" alt=\"Schluss Bruck, 1. OG, Plan von Architekt DI Mitterberger\" aria-describedby=\"gallery-1-757\" srcset=\"https:\/\/www.inventaria.at\/wp-content\/uploads\/2024\/05\/Abb1SchlossBruck24-og1-TXT_400-1536x940.jpg 1536w, https:\/\/www.inventaria.at\/wp-content\/uploads\/2024\/05\/Abb1SchlossBruck24-og1-TXT_400-2048x1253.jpg 2048w, https:\/\/www.inventaria.at\/wp-content\/uploads\/2024\/05\/Abb1SchlossBruck24-og1-TXT_400-200x122.jpg 200w\" sizes=\"(max-width: 1536px) 100vw, 1536px\" \/><\/a>\n\t\t\t<\/div>\n\t\t\t\t<figcaption class='wp-caption-text gallery-caption' id='gallery-1-757'>\n\t\t\t\tGrundrissplan von Schloss Bruck von DI Gerhard Mitterberger. Bearbeitung: Mag. G\u00e1bor Tarcsay.\n\t\t\t\t<\/figcaption><\/figure><figure class='gallery-item'>\n\t\t\t<div class='gallery-icon landscape'>\n\t\t\t\t<a data-elementor-open-lightbox=\"yes\" data-elementor-lightbox-slideshow=\"2c7dc35\" data-elementor-lightbox-title=\"Abb2SchlossBruckRetterfoto_01_400\" data-elementor-lightbox-description=\"Schloss Bruck Retterfoto\" data-e-action-hash=\"#elementor-action%3Aaction%3Dlightbox%26settings%3DeyJpZCI6NzU4LCJ1cmwiOiJodHRwczpcL1wvd3d3LmludmVudGFyaWEuYXRcL3dwLWNvbnRlbnRcL3VwbG9hZHNcLzIwMjRcLzA1XC9BYmIyU2NobG9zc0JydWNrUmV0dGVyZm90b18wMV80MDAuanBnIiwic2xpZGVzaG93IjoiMmM3ZGMzNSJ9\" href='https:\/\/www.inventaria.at\/wp-content\/uploads\/2024\/05\/Abb2SchlossBruckRetterfoto_01_400.jpg'><img decoding=\"async\" width=\"1536\" height=\"1024\" src=\"https:\/\/www.inventaria.at\/wp-content\/uploads\/2024\/05\/Abb2SchlossBruckRetterfoto_01_400-1536x1024.jpg\" class=\"attachment-1536x1536 size-1536x1536\" alt=\"Schloss Bruck Retterfoto\" aria-describedby=\"gallery-1-758\" srcset=\"https:\/\/www.inventaria.at\/wp-content\/uploads\/2024\/05\/Abb2SchlossBruckRetterfoto_01_400-1536x1024.jpg 1536w, https:\/\/www.inventaria.at\/wp-content\/uploads\/2024\/05\/Abb2SchlossBruckRetterfoto_01_400-200x133.jpg 200w, https:\/\/www.inventaria.at\/wp-content\/uploads\/2024\/05\/Abb2SchlossBruckRetterfoto_01_400.jpg 1858w\" sizes=\"(max-width: 1536px) 100vw, 1536px\" \/><\/a>\n\t\t\t<\/div>\n\t\t\t\t<figcaption class='wp-caption-text gallery-caption' id='gallery-1-758'>\n\t\t\t\tFotografische Au\u00dfenaufnahme von Schloss Bruck. Copyright Museum Schloss Bruck, Foto: Wolfgang Retter, Bearbeitung: Mag. G\u00e1bor Tarcsay.\n\t\t\t\t<\/figcaption><\/figure>\n\t\t<\/div>\n\t\t<\/div>\n\t\t\t\t\t\t<\/div>\n\t\t\t\t<\/div>\n\t\t\t\t<div class=\"elementor-element elementor-element-b1a6fa7 aux-appear-watch-animation aux-fade-in-up elementor-widget elementor-widget-text-editor\" data-id=\"b1a6fa7\" data-element_type=\"widget\" data-widget_type=\"text-editor.default\">\n\t\t\t\t<div class=\"elementor-widget-container\">\n\t\t\t\t\t\t\t\t\t<p>Raumliste laut Inventar &#8211; die R\u00e4ume 1-6 und 8 befinden sich im ersten Obergescho\u00df.<\/p><ol><li>Stube im Frauenzimmer<\/li><li>Kammer im Frauenzimmer<\/li><li>Vorraum vor der Kammer<\/li><li>Andere Stube<\/li><li>Kammer an derselben Stunde<\/li><li>Kammer<\/li><li>Untere Kammer<\/li><li>Kapelle<\/li><li>Saal vor dem Frauenzimmer<\/li><li>Untere Kammer an der Pfisterstube<\/li><li>Vordere Kammer bei der Stube<\/li><li>Stube<\/li><li>Kammer an derselben Stube der Stadt zugewandt<\/li><li>K\u00fcche<\/li><li>Keller<\/li><li>Kornkasten<\/li><li>Bad<\/li><li>Meierhof<\/li><li>Pferdestall unter dem Schloss<\/li><\/ol>\t\t\t\t\t\t\t\t<\/div>\n\t\t\t\t<\/div>\n\t\t\t\t\t<\/div>\n\t\t<\/div>\n\t\t\t\t\t<\/div>\n\t\t<\/section>\n\t\t\t\t<\/div>\n\t\t","protected":false},"excerpt":{"rendered":"<p>! Dieser Slider hat unver\u00f6ffentlichte \u00c4nderungen. Ver\u00f6ffentliche die \u00c4nderungen, um das endg\u00fcltige Ergebnis zu sehen.Den Editor \u00f6ffnen und jetzt ver\u00f6ffentlichen. Dieser Hinweis ist nur f\u00fcr dich sichtbar. Raumsimulationenin 2D und 3D Schloss Bruck Retter c Ein Projektschwerpunkt widmet sich der Praxis des Inventarisierens durch die Modellierung von Raumsituationen in ausgew\u00e4hlten Tiroler Burgen. Genauer gesagt handelt [&hellip;]<\/p>\n","protected":false},"author":1,"featured_media":0,"parent":0,"menu_order":0,"comment_status":"closed","ping_status":"closed","template":"","meta":{"footnotes":""},"class_list":["post-754","page","type-page","status-publish","hentry"],"translation":{"provider":"WPGlobus","version":"3.0.0","language":"gb","enabled_languages":["de","gb"],"languages":{"de":{"title":true,"content":true,"excerpt":false},"gb":{"title":false,"content":false,"excerpt":false}}},"yoast_head":"<!-- This site is optimized with the Yoast SEO plugin v25.2 - https:\/\/yoast.com\/wordpress\/plugins\/seo\/ -->\n<title>Raumsimulationen - Inventaria<\/title>\n<meta name=\"robots\" content=\"index, follow, max-snippet:-1, max-image-preview:large, max-video-preview:-1\" \/>\n<link rel=\"canonical\" href=\"https:\/\/www.inventaria.at\/raumsimulationen\/\" \/>\n<meta property=\"og:locale\" content=\"en_GB\" \/>\n<meta property=\"og:type\" content=\"article\" \/>\n<meta property=\"og:title\" content=\"Raumsimulationen - Inventaria\" \/>\n<meta property=\"og:url\" content=\"https:\/\/www.inventaria.at\/raumsimulationen\/\" \/>\n<meta property=\"og:site_name\" content=\"Inventaria\" \/>\n<meta property=\"article:modified_time\" content=\"2024-08-24T09:59:31+00:00\" \/>\n<meta property=\"og:image\" content=\"https:\/\/www.inventaria.at\/wp-content\/uploads\/2024\/05\/Abb1SchlossBruck24-og1-TXT_400-1536x940.jpg\" \/>\n<meta name=\"twitter:card\" content=\"summary_large_image\" \/>\n<meta name=\"twitter:label1\" content=\"Est. reading time\" \/>\n\t<meta name=\"twitter:data1\" content=\"3 minutes\" \/>\n<script type=\"application\/ld+json\" class=\"yoast-schema-graph\">{\"@context\":\"https:\/\/schema.org\",\"@graph\":[{\"@type\":\"WebPage\",\"@id\":\"https:\/\/www.inventaria.at\/raumsimulationen\/\",\"url\":\"https:\/\/www.inventaria.at\/raumsimulationen\/\",\"name\":\"Raumsimulationen - Inventaria\",\"isPartOf\":{\"@id\":\"https:\/\/www.inventaria.at\/#website\"},\"primaryImageOfPage\":{\"@id\":\"https:\/\/www.inventaria.at\/raumsimulationen\/#primaryimage\"},\"image\":{\"@id\":\"https:\/\/www.inventaria.at\/raumsimulationen\/#primaryimage\"},\"thumbnailUrl\":\"https:\/\/www.inventaria.at\/wp-content\/uploads\/2024\/05\/Abb1SchlossBruck24-og1-TXT_400-1536x940.jpg\",\"datePublished\":\"2024-05-26T18:18:38+00:00\",\"dateModified\":\"2024-08-24T09:59:31+00:00\",\"breadcrumb\":{\"@id\":\"https:\/\/www.inventaria.at\/raumsimulationen\/#breadcrumb\"},\"inLanguage\":\"en-GB\",\"potentialAction\":[{\"@type\":\"ReadAction\",\"target\":[\"https:\/\/www.inventaria.at\/raumsimulationen\/\"]}]},{\"@type\":\"ImageObject\",\"inLanguage\":\"en-GB\",\"@id\":\"https:\/\/www.inventaria.at\/raumsimulationen\/#primaryimage\",\"url\":\"https:\/\/www.inventaria.at\/wp-content\/uploads\/2024\/05\/Abb1SchlossBruck24-og1-TXT_400-1536x940.jpg\",\"contentUrl\":\"https:\/\/www.inventaria.at\/wp-content\/uploads\/2024\/05\/Abb1SchlossBruck24-og1-TXT_400-1536x940.jpg\"},{\"@type\":\"BreadcrumbList\",\"@id\":\"https:\/\/www.inventaria.at\/raumsimulationen\/#breadcrumb\",\"itemListElement\":[{\"@type\":\"ListItem\",\"position\":1,\"name\":\"Home\",\"item\":\"https:\/\/www.inventaria.at\/\"},{\"@type\":\"ListItem\",\"position\":2,\"name\":\"Raumsimulationen\"}]},{\"@type\":\"WebSite\",\"@id\":\"https:\/\/www.inventaria.at\/#website\",\"url\":\"https:\/\/www.inventaria.at\/\",\"name\":\"Inventaria\",\"description\":\"The Making of Inventories as Social Practice\",\"publisher\":{\"@id\":\"https:\/\/www.inventaria.at\/#organization\"},\"potentialAction\":[{\"@type\":\"SearchAction\",\"target\":{\"@type\":\"EntryPoint\",\"urlTemplate\":\"https:\/\/www.inventaria.at\/?s={search_term_string}\"},\"query-input\":{\"@type\":\"PropertyValueSpecification\",\"valueRequired\":true,\"valueName\":\"search_term_string\"}}],\"inLanguage\":\"en-GB\"},{\"@type\":\"Organization\",\"@id\":\"https:\/\/www.inventaria.at\/#organization\",\"name\":\"Inventaria\",\"url\":\"https:\/\/www.inventaria.at\/\",\"logo\":{\"@type\":\"ImageObject\",\"inLanguage\":\"en-GB\",\"@id\":\"https:\/\/www.inventaria.at\/#\/schema\/logo\/image\/\",\"url\":\"https:\/\/www.inventaria.at\/wp-content\/uploads\/2024\/02\/inventaria_logo_2.svg\",\"contentUrl\":\"https:\/\/www.inventaria.at\/wp-content\/uploads\/2024\/02\/inventaria_logo_2.svg\",\"width\":93,\"height\":144,\"caption\":\"Inventaria\"},\"image\":{\"@id\":\"https:\/\/www.inventaria.at\/#\/schema\/logo\/image\/\"}}]}<\/script>\n<!-- \/ Yoast SEO plugin. -->","yoast_head_json":{"title":"Raumsimulationen - Inventaria","robots":{"index":"index","follow":"follow","max-snippet":"max-snippet:-1","max-image-preview":"max-image-preview:large","max-video-preview":"max-video-preview:-1"},"canonical":"https:\/\/www.inventaria.at\/raumsimulationen\/","og_locale":"en_GB","og_type":"article","og_title":"Raumsimulationen - Inventaria","og_url":"https:\/\/www.inventaria.at\/raumsimulationen\/","og_site_name":"Inventaria","article_modified_time":"2024-08-24T09:59:31+00:00","og_image":[{"url":"https:\/\/www.inventaria.at\/wp-content\/uploads\/2024\/05\/Abb1SchlossBruck24-og1-TXT_400-1536x940.jpg","type":"","width":"","height":""}],"twitter_card":"summary_large_image","twitter_misc":{"Est. reading time":"3 minutes"},"schema":{"@context":"https:\/\/schema.org","@graph":[{"@type":"WebPage","@id":"https:\/\/www.inventaria.at\/raumsimulationen\/","url":"https:\/\/www.inventaria.at\/raumsimulationen\/","name":"Raumsimulationen - Inventaria","isPartOf":{"@id":"https:\/\/www.inventaria.at\/#website"},"primaryImageOfPage":{"@id":"https:\/\/www.inventaria.at\/raumsimulationen\/#primaryimage"},"image":{"@id":"https:\/\/www.inventaria.at\/raumsimulationen\/#primaryimage"},"thumbnailUrl":"https:\/\/www.inventaria.at\/wp-content\/uploads\/2024\/05\/Abb1SchlossBruck24-og1-TXT_400-1536x940.jpg","datePublished":"2024-05-26T18:18:38+00:00","dateModified":"2024-08-24T09:59:31+00:00","breadcrumb":{"@id":"https:\/\/www.inventaria.at\/raumsimulationen\/#breadcrumb"},"inLanguage":"en-GB","potentialAction":[{"@type":"ReadAction","target":["https:\/\/www.inventaria.at\/raumsimulationen\/"]}]},{"@type":"ImageObject","inLanguage":"en-GB","@id":"https:\/\/www.inventaria.at\/raumsimulationen\/#primaryimage","url":"https:\/\/www.inventaria.at\/wp-content\/uploads\/2024\/05\/Abb1SchlossBruck24-og1-TXT_400-1536x940.jpg","contentUrl":"https:\/\/www.inventaria.at\/wp-content\/uploads\/2024\/05\/Abb1SchlossBruck24-og1-TXT_400-1536x940.jpg"},{"@type":"BreadcrumbList","@id":"https:\/\/www.inventaria.at\/raumsimulationen\/#breadcrumb","itemListElement":[{"@type":"ListItem","position":1,"name":"Home","item":"https:\/\/www.inventaria.at\/"},{"@type":"ListItem","position":2,"name":"Raumsimulationen"}]},{"@type":"WebSite","@id":"https:\/\/www.inventaria.at\/#website","url":"https:\/\/www.inventaria.at\/","name":"Inventaria","description":"The Making of Inventories as Social Practice","publisher":{"@id":"https:\/\/www.inventaria.at\/#organization"},"potentialAction":[{"@type":"SearchAction","target":{"@type":"EntryPoint","urlTemplate":"https:\/\/www.inventaria.at\/?s={search_term_string}"},"query-input":{"@type":"PropertyValueSpecification","valueRequired":true,"valueName":"search_term_string"}}],"inLanguage":"en-GB"},{"@type":"Organization","@id":"https:\/\/www.inventaria.at\/#organization","name":"Inventaria","url":"https:\/\/www.inventaria.at\/","logo":{"@type":"ImageObject","inLanguage":"en-GB","@id":"https:\/\/www.inventaria.at\/#\/schema\/logo\/image\/","url":"https:\/\/www.inventaria.at\/wp-content\/uploads\/2024\/02\/inventaria_logo_2.svg","contentUrl":"https:\/\/www.inventaria.at\/wp-content\/uploads\/2024\/02\/inventaria_logo_2.svg","width":93,"height":144,"caption":"Inventaria"},"image":{"@id":"https:\/\/www.inventaria.at\/#\/schema\/logo\/image\/"}}]}},"_links":{"self":[{"href":"https:\/\/www.inventaria.at\/gb\/wp-json\/wp\/v2\/pages\/754","targetHints":{"allow":["GET"]}}],"collection":[{"href":"https:\/\/www.inventaria.at\/gb\/wp-json\/wp\/v2\/pages"}],"about":[{"href":"https:\/\/www.inventaria.at\/gb\/wp-json\/wp\/v2\/types\/page"}],"author":[{"embeddable":true,"href":"https:\/\/www.inventaria.at\/gb\/wp-json\/wp\/v2\/users\/1"}],"replies":[{"embeddable":true,"href":"https:\/\/www.inventaria.at\/gb\/wp-json\/wp\/v2\/comments?post=754"}],"version-history":[{"count":21,"href":"https:\/\/www.inventaria.at\/gb\/wp-json\/wp\/v2\/pages\/754\/revisions"}],"predecessor-version":[{"id":1365,"href":"https:\/\/www.inventaria.at\/gb\/wp-json\/wp\/v2\/pages\/754\/revisions\/1365"}],"wp:attachment":[{"href":"https:\/\/www.inventaria.at\/gb\/wp-json\/wp\/v2\/media?parent=754"}],"curies":[{"name":"wp","href":"https:\/\/api.w.org\/{rel}","templated":true}]}}