{"id":636,"date":"2024-05-05T10:58:38","date_gmt":"2024-05-05T10:58:38","guid":{"rendered":"https:\/\/www.inventaria.at\/?page_id=636"},"modified":"2024-06-14T10:47:15","modified_gmt":"2024-06-14T10:47:15","slug":"projektquellen","status":"publish","type":"page","link":"https:\/\/www.inventaria.at\/gb\/projekt\/projektquellen\/","title":{"rendered":"Projektquellen"},"content":{"rendered":"\t\t<div data-elementor-type=\"wp-page\" data-elementor-id=\"636\" class=\"elementor elementor-636\">\n\t\t\t\t\t\t<section class=\"elementor-section elementor-top-section elementor-element elementor-element-1acc7300 elementor-section-boxed elementor-section-height-default elementor-section-height-default\" data-id=\"1acc7300\" data-element_type=\"section\">\n\t\t\t\t\t\t<div class=\"elementor-container elementor-column-gap-default\">\n\t\t\t\t\t<div class=\"aux-parallax-section elementor-column elementor-col-100 elementor-top-column elementor-element elementor-element-5147a1a0\" data-id=\"5147a1a0\" data-element_type=\"column\">\n\t\t\t<div class=\"elementor-widget-wrap elementor-element-populated\">\n\t\t\t\t\t\t<div class=\"elementor-element elementor-element-31e9f0b3 elementor-widget elementor-widget-depicter_slider\" data-id=\"31e9f0b3\" data-element_type=\"widget\" data-widget_type=\"depicter_slider.default\">\n\t\t\t\t<div class=\"elementor-widget-container\">\n\t\t\t\t\t<style id=\"depicter-47-inline-pre-css\">\n\n.depicter-47:not(.depicter-ready){\n\theight:500px;\n}\n\n\/***** Tablet *****\/\n@media screen and (max-width: 1024px){\n\n.depicter-47:not(.depicter-ready){\n\theight:500px;\n}\n\n}\n\/***** Mobile *****\/\n@media screen and (max-width: 767px){\n\n.depicter-47:not(.depicter-ready){\n\theight:400px;\n}\n\n}\n<\/style>\n<div id=\"depicter-47\" class=\"depicter depicter-document depicter-revert depicter-47 depicter-layout-fullwidth\">\n\n<div class=\"depicter-loading-container depicter-loading oval-dark\"><svg class=\"depicter-single-svg-loading\" viewBox=\"0 0 38 38\" xmlns=\"http:\/\/www.w3.org\/2000\/svg\">\n   <g fill=\"none\" fill-rule=\"evenodd\">\n      <g transform=\"translate(1 1)\" stroke-width=\"2\">\n         <circle stroke-opacity=\".5\" cx=\"18\" cy=\"18\" r=\"18\" \/>\n         <path d=\"M36 18c0-9.94-8.06-18-18-18\">\n            <animateTransform attributeName=\"transform\" type=\"rotate\" from=\"0 18 18\" to=\"360 18 18\" dur=\"1s\" repeatCount=\"indefinite\" \/>\n         <\/path>\n      <\/g>\n   <\/g>\n<\/svg>\n<\/div>\n<div id=\"depicter-47-section-1\" class=\"depicter-section depicter-47-section-1\" data-name=\"Slide 1\" data-local-id=\"section-1\">\n<picture class=\"depicter-bg\">\n<source data-depicter-srcset=\"https:\/\/www.inventaria.at\/wp-content\/uploads\/2024\/01\/Schloss_Tratzberg_012-768x768.png, https:\/\/www.inventaria.at\/wp-content\/uploads\/2024\/01\/Schloss_Tratzberg_012.png 2x\" srcset=\"data:image\/gif;base64,R0lGODlhAQABAIAAAAAAAP\/\/\/yH5BAEAAAAALAAAAAABAAEAAAIBRAA7\" media=\"(max-width: 1024px)\" \/>\n\n<source data-depicter-srcset=\"https:\/\/www.inventaria.at\/wp-content\/uploads\/2024\/01\/Schloss_Tratzberg_012.png, https:\/\/www.inventaria.at\/wp-content\/uploads\/2024\/01\/Schloss_Tratzberg_012-1920x1080.png 2x\" srcset=\"data:image\/gif;base64,R0lGODlhAQABAIAAAAAAAP\/\/\/yH5BAEAAAAALAAAAAABAAEAAAIBRAA7\" media=\"(min-width: 1025px)\" \/>\n<img decoding=\"async\" src=\"data:image\/gif;base64,R0lGODlhAQABAIAAAAAAAP\/\/\/yH5BAEAAAAALAAAAAABAAEAAAIBRAA7\" alt=\"\ufeffVon Wolkenkratzer - Eigenes Werk, CC BY-SA 4.0, https:\/\/commons.wikimedia.org\/w\/index.php?curid=59597180\" data-depicter-src=\"https:\/\/www.inventaria.at\/wp-content\/uploads\/2024\/01\/Schloss_Tratzberg_012.png\" \/>\n<\/picture>\n\n\n<h1 data-animation-in=\"{'direction':'bottom','easing':'easeOutExpo','duration':2300,'movement':200,'fade':false,'type':'move'}\" data-between-in-out=\"false\" id=\"depicter-47-element-9\" class=\"depicter-element depicter-layer depicter-47-element-9\" data-type=\"text\" data-wrap=\"true\" data-name=\"Element 9\" data-local-id=\"element-9\" data-offset=\"x:135px;y:201px;origin:tl\" data-tablet-offset=\"x:34px;y:33px;origin:tl\" data-mobile-offset=\"x:13px;y:36px;origin:tl\" data-width=\"563px,453px,310px\" data-height=\"auto,auto,auto\" data-responsive-scale=\"true,,\">Projektquellen<\/h1>\n\n<p data-animation-in=\"{'direction':'left','easing':'easeOutQuart','duration':1500,'movement':0,'scale':1.149999999999999911182158029987476766109466552734375,'delay':600,'type':'move'}\" data-animation-out=\"{'direction':'left','easing':'easeInOutCubic','duration':800,'movement':0,'type':'move'}\" data-between-in-out=\"false\" data-tablet-animation-in=\"{'direction':'left','easing':'easeInOutExpo','duration':800,'movement':0,'type':'move'}\" data-tablet-animation-out=\"{'direction':'left','easing':'easeInOutCubic','duration':800,'movement':0,'type':'move'}\" data-mobile-animation-in=\"{'direction':'left','easing':'easeInOutExpo','duration':800,'movement':0,'type':'move'}\" data-mobile-animation-out=\"{'direction':'left','easing':'easeInOutCubic','duration':800,'movement':0,'type':'move'}\" data-wait-for-action=\"true\" id=\"depicter-47-element-89\" class=\"depicter-element depicter-layer depicter-47-element-89\" data-type=\"text\" data-wrap=\"true\" data-name=\"Text 15\" data-local-id=\"element-89\" data-offset=\"x:70px;y:455px;origin:tl\" data-tablet-offset=\"x:82px;y:435px;origin:tl\" data-mobile-offset=\"x:56px;y:324px;origin:tl\" data-width=\"702px,500px,304px\" data-height=\"auto,auto,auto\" data-responsive-scale=\"true,,\">\ufeffVon Wolkenkratzer - Eigenes Werk, CC BY-SA 4.0, https:\/\/commons.wikimedia.org\/w\/index.php?curid=59597180<\/p>\n\n<button id=\"depicter-47-element-97\" class=\"depicter-element depicter-layer depicter-47-element-97\" data-type=\"button\" data-wrap=\"true\" data-name=\"Button 1\" data-local-id=\"element-97\" data-offset=\"x:25px;y:452px;origin:tl\" data-tablet-offset=\"x:34px;y:443px;origin:tl\" data-mobile-offset=\"x:13px;y:355px;origin:tl\" data-actions=\"[['elements','click',0,{'elements':['element-89'],'type':'toggle'}]]\" data-width=\"31px,31px,31px\" data-height=\"29px,29px,29px\" data-responsive-scale=\"true,,\"><span class=\"dp-inner-content\">c<\/span><\/button><\/div>\n<\/div>\n<script>\n(window.depicterSetups = window.depicterSetups || []).push(function(){\n\tDepicter.basePath = 'https:\/\/www.inventaria.at\/wp-content\/plugins\/depicter\/resources\/scripts\/player\/';\n\tconst dpPlayer = Depicter.setup('.depicter-47',\n\t\t{\"width\":[\"1600\",\"1024\",\"360\"],\"height\":[\"500\",\"500\",\"400\"],\"view\":\"fade\",\"keepAspectRatio\":false,\"preload\":0,\"layout\":\"fullwidth\",\"rtl\":false,\"initAfterAppear\":false,\"ajaxApiUrl\":\"https:\\\/\\\/www.inventaria.at\\\/wp-admin\\\/admin-ajax.php\",\"viewOptions\":{\"loop\":true},\"mouseSwipe\":true,\"touchSwipe\":true,\"useWatermark\":false}\n\t);\n});\n<\/script>\t\t\t\t<\/div>\n\t\t\t\t<\/div>\n\t\t\t\t\t<\/div>\n\t\t<\/div>\n\t\t\t\t\t<\/div>\n\t\t<\/section>\n\t\t\t\t<section class=\"elementor-section elementor-top-section elementor-element elementor-element-6e02bbd0 elementor-reverse-mobile elementor-section-boxed elementor-section-height-default elementor-section-height-default\" data-id=\"6e02bbd0\" data-element_type=\"section\">\n\t\t\t\t\t\t<div class=\"elementor-container elementor-column-gap-default\">\n\t\t\t\t\t<div class=\"aux-parallax-section elementor-column elementor-col-50 elementor-top-column elementor-element elementor-element-27059683\" data-id=\"27059683\" data-element_type=\"column\">\n\t\t\t<div class=\"elementor-widget-wrap elementor-element-populated\">\n\t\t\t\t\t\t<div class=\"elementor-element elementor-element-e261879 aux-appear-watch-animation aux-fade-in-up elementor-widget elementor-widget-text-editor\" data-id=\"e261879\" data-element_type=\"widget\" data-widget_type=\"text-editor.default\">\n\t\t\t\t<div class=\"elementor-widget-container\">\n\t\t\t\t\t\t\t\t\t<p style=\"text-align: left;\">Unser Projekt konzentriert sich auf die Analyse und Erschlie\u00dfung der sp\u00e4tmittelalterlichen Burginventare aus dem historischen Tirol, die im Tiroler Landesarchiv aufbewahrt werden. Diese Inventare wurden meist bei Verwaltungs- oder Besitzwechseln erstellt und bieten detaillierte Informationen \u00fcber die Raumnutzung, Objektpositionierung und zeitliche Ver\u00e4nderungen in den Burgen.<\/p><p style=\"text-align: left;\">Die Inventare wurden zwischen 1320 und 1600 erstellt und sind besonders wertvoll, da sie detailliert Raum f\u00fcr Raum die darin enthaltenen Objekte auflisten. Das Projekt umfasst 237 Inventare aus dieser Zeit. Wir bauen auf der Arbeit von Oswald von Zingerle aus dem Jahr 1909 auf, der eine wichtige Edition der mittelalterlichen Inventare erstellte, die sich allerdings auf das 15. Jahrhundert beschr\u00e4nkte und 82 Inventare umfasste. Durch die Ausdehnung unseres Untersuchungszeitraums auf das 14. bis 16. Jahrhundert k\u00f6nnen wir die Entwicklung der Inventarisierungspraktiken und die Ausgestaltung der Burgen in dieser \u00dcbergangszeit erforschen. Dadurch erhoffen wir uns, ein tieferes Verst\u00e4ndnis von Burgen als sozialen Orten zu gewinnen. Besonders interessant ist das von Zingerle erstellte W\u00f6rter- und Sachenverzeichnis, das uns hilft, die in den Inventaren verwendeten Begriffe besser zu verstehen.<\/p><p style=\"text-align: left;\">Wir nutzen digitale Texterschlie\u00dfungsmethoden, um die Archivalien zu analysieren. Dabei setzen wir auf semantische Datenmodellierung und verschiedene Softwaretools, um die Informationen in den Inventaren vollst\u00e4ndig zu erschlie\u00dfen und die Beziehungen zwischen R\u00e4umen, Objekten und Personen darzustellen. Durch die Auswertung von 162 repr\u00e4sentativen Inventaren erhoffen wir uns, tiefergehende Einblicke in die historische Praxis des Inventarisierens und die Bedeutung von Burgen als soziale Orte zu gewinnen.<\/p>\t\t\t\t\t\t\t\t<\/div>\n\t\t\t\t<\/div>\n\t\t\t\t\t<\/div>\n\t\t<\/div>\n\t\t\t\t<div class=\"aux-parallax-section elementor-column elementor-col-50 elementor-top-column elementor-element elementor-element-3610f3d4\" data-id=\"3610f3d4\" data-element_type=\"column\">\n\t\t\t<div class=\"elementor-widget-wrap elementor-element-populated\">\n\t\t\t\t\t\t<div class=\"elementor-element elementor-element-71b7c813 elementor-widget elementor-widget-image\" data-id=\"71b7c813\" data-element_type=\"widget\" data-widget_type=\"image.default\">\n\t\t\t\t<div class=\"elementor-widget-container\">\n\t\t\t\t\t\t\t\t\t\t\t\t\t\t\t<img decoding=\"async\" src=\"https:\/\/www.inventaria.at\/wp-content\/uploads\/elementor\/thumbs\/TLA-Inventare-A-127.2_Schlossberg-scaled-qnplj3avl4m5bs5eaxqmcrtlbvdkjyzglz4hn3k3y8.jpg\" title=\"TLA Inventare A 127.2_Schlossberg\" alt=\"Inventar der Burg Schlossberg, 1527-34, Tiroler Landesarchiv, Inventare A 127.2\" loading=\"lazy\" \/>\t\t\t\t\t\t\t\t\t\t\t\t\t\t\t<\/div>\n\t\t\t\t<\/div>\n\t\t\t\t<div class=\"elementor-element elementor-element-d876075 elementor-widget elementor-widget-text-editor\" data-id=\"d876075\" data-element_type=\"widget\" data-widget_type=\"text-editor.default\">\n\t\t\t\t<div class=\"elementor-widget-container\">\n\t\t\t\t\t\t\t\t\t<p style=\"text-align: center;\">Inventar der Burg Schlossberg, 1527-34, Tiroler Landesarchiv, Inventare A 127.2.<\/p>\t\t\t\t\t\t\t\t<\/div>\n\t\t\t\t<\/div>\n\t\t\t\t<div class=\"elementor-element elementor-element-a686e16 aux-appear-watch-animation aux-mask-from-left elementor-widget elementor-widget-aux_image\" data-id=\"a686e16\" data-element_type=\"widget\" data-widget_type=\"aux_image.default\">\n\t\t\t\t<div class=\"elementor-widget-container\">\n\t\t\t\t\t<section class=\"widget-container aux-widget-image aux-alignnone aux-parent-auf08fec41\">\n    <div class=\"aux-media-hint-frame \">\n        <div class=\"aux-media-image \" >\n        \n            \n\n            \n                        \n                <\/div>\n    <\/div>\n\n<\/section><!-- widget-container -->\t\t\t\t<\/div>\n\t\t\t\t<\/div>\n\t\t\t\t\t<\/div>\n\t\t<\/div>\n\t\t\t\t\t<\/div>\n\t\t<\/section>\n\t\t\t\t<\/div>\n\t\t","protected":false},"excerpt":{"rendered":"<p>Projektquellen \ufeffVon Wolkenkratzer &#8211; Eigenes Werk, CC BY-SA 4.0, https:\/\/commons.wikimedia.org\/w\/index.php?curid=59597180 c Unser Projekt konzentriert sich auf die Analyse und Erschlie\u00dfung der sp\u00e4tmittelalterlichen Burginventare aus dem historischen Tirol, die im Tiroler Landesarchiv aufbewahrt werden. Diese Inventare wurden meist bei Verwaltungs- oder Besitzwechseln erstellt und bieten detaillierte Informationen \u00fcber die Raumnutzung, Objektpositionierung und zeitliche Ver\u00e4nderungen in den [&hellip;]<\/p>\n","protected":false},"author":1,"featured_media":0,"parent":75,"menu_order":0,"comment_status":"closed","ping_status":"closed","template":"","meta":{"footnotes":""},"class_list":["post-636","page","type-page","status-publish","hentry"],"translation":{"provider":"WPGlobus","version":"3.0.0","language":"gb","enabled_languages":["de","gb"],"languages":{"de":{"title":true,"content":true,"excerpt":false},"gb":{"title":false,"content":false,"excerpt":false}}},"yoast_head":"<!-- This site is optimized with the Yoast SEO plugin v25.2 - https:\/\/yoast.com\/wordpress\/plugins\/seo\/ -->\n<title>Projektquellen - Inventaria<\/title>\n<meta name=\"robots\" content=\"index, follow, max-snippet:-1, max-image-preview:large, max-video-preview:-1\" \/>\n<link rel=\"canonical\" href=\"https:\/\/www.inventaria.at\/projekt\/projektquellen\/\" \/>\n<meta property=\"og:locale\" content=\"en_GB\" \/>\n<meta property=\"og:type\" content=\"article\" \/>\n<meta property=\"og:title\" content=\"Projektquellen - Inventaria\" \/>\n<meta property=\"og:url\" content=\"https:\/\/www.inventaria.at\/projekt\/projektquellen\/\" \/>\n<meta property=\"og:site_name\" content=\"Inventaria\" \/>\n<meta property=\"article:modified_time\" content=\"2024-06-14T10:47:15+00:00\" \/>\n<meta property=\"og:image\" content=\"https:\/\/www.inventaria.at\/wp-content\/uploads\/elementor\/thumbs\/TLA-Inventare-A-127.2_Schlossberg-scaled-qnplj3avl4m5bs5eaxqmcrtlbvdkjyzglz4hn3k3y8.jpg\" \/>\n<meta name=\"twitter:card\" content=\"summary_large_image\" \/>\n<script type=\"application\/ld+json\" class=\"yoast-schema-graph\">{\"@context\":\"https:\/\/schema.org\",\"@graph\":[{\"@type\":\"WebPage\",\"@id\":\"https:\/\/www.inventaria.at\/projekt\/projektquellen\/\",\"url\":\"https:\/\/www.inventaria.at\/projekt\/projektquellen\/\",\"name\":\"Projektquellen - Inventaria\",\"isPartOf\":{\"@id\":\"https:\/\/www.inventaria.at\/#website\"},\"primaryImageOfPage\":{\"@id\":\"https:\/\/www.inventaria.at\/projekt\/projektquellen\/#primaryimage\"},\"image\":{\"@id\":\"https:\/\/www.inventaria.at\/projekt\/projektquellen\/#primaryimage\"},\"thumbnailUrl\":\"https:\/\/www.inventaria.at\/wp-content\/uploads\/elementor\/thumbs\/TLA-Inventare-A-127.2_Schlossberg-scaled-qnplj3avl4m5bs5eaxqmcrtlbvdkjyzglz4hn3k3y8.jpg\",\"datePublished\":\"2024-05-05T10:58:38+00:00\",\"dateModified\":\"2024-06-14T10:47:15+00:00\",\"breadcrumb\":{\"@id\":\"https:\/\/www.inventaria.at\/projekt\/projektquellen\/#breadcrumb\"},\"inLanguage\":\"en-GB\",\"potentialAction\":[{\"@type\":\"ReadAction\",\"target\":[\"https:\/\/www.inventaria.at\/projekt\/projektquellen\/\"]}]},{\"@type\":\"ImageObject\",\"inLanguage\":\"en-GB\",\"@id\":\"https:\/\/www.inventaria.at\/projekt\/projektquellen\/#primaryimage\",\"url\":\"https:\/\/www.inventaria.at\/wp-content\/uploads\/elementor\/thumbs\/TLA-Inventare-A-127.2_Schlossberg-scaled-qnplj3avl4m5bs5eaxqmcrtlbvdkjyzglz4hn3k3y8.jpg\",\"contentUrl\":\"https:\/\/www.inventaria.at\/wp-content\/uploads\/elementor\/thumbs\/TLA-Inventare-A-127.2_Schlossberg-scaled-qnplj3avl4m5bs5eaxqmcrtlbvdkjyzglz4hn3k3y8.jpg\"},{\"@type\":\"BreadcrumbList\",\"@id\":\"https:\/\/www.inventaria.at\/projekt\/projektquellen\/#breadcrumb\",\"itemListElement\":[{\"@type\":\"ListItem\",\"position\":1,\"name\":\"Home\",\"item\":\"https:\/\/www.inventaria.at\/\"},{\"@type\":\"ListItem\",\"position\":2,\"name\":\"Project\",\"item\":\"https:\/\/www.inventaria.at\/projekt\/\"},{\"@type\":\"ListItem\",\"position\":3,\"name\":\"sources\"}]},{\"@type\":\"WebSite\",\"@id\":\"https:\/\/www.inventaria.at\/#website\",\"url\":\"https:\/\/www.inventaria.at\/\",\"name\":\"Inventaria\",\"description\":\"The Making of Inventories as Social Practice\",\"publisher\":{\"@id\":\"https:\/\/www.inventaria.at\/#organization\"},\"potentialAction\":[{\"@type\":\"SearchAction\",\"target\":{\"@type\":\"EntryPoint\",\"urlTemplate\":\"https:\/\/www.inventaria.at\/?s={search_term_string}\"},\"query-input\":{\"@type\":\"PropertyValueSpecification\",\"valueRequired\":true,\"valueName\":\"search_term_string\"}}],\"inLanguage\":\"en-GB\"},{\"@type\":\"Organization\",\"@id\":\"https:\/\/www.inventaria.at\/#organization\",\"name\":\"Inventaria\",\"url\":\"https:\/\/www.inventaria.at\/\",\"logo\":{\"@type\":\"ImageObject\",\"inLanguage\":\"en-GB\",\"@id\":\"https:\/\/www.inventaria.at\/#\/schema\/logo\/image\/\",\"url\":\"https:\/\/www.inventaria.at\/wp-content\/uploads\/2024\/02\/inventaria_logo_2.svg\",\"contentUrl\":\"https:\/\/www.inventaria.at\/wp-content\/uploads\/2024\/02\/inventaria_logo_2.svg\",\"width\":93,\"height\":144,\"caption\":\"Inventaria\"},\"image\":{\"@id\":\"https:\/\/www.inventaria.at\/#\/schema\/logo\/image\/\"}}]}<\/script>\n<!-- \/ Yoast SEO plugin. -->","yoast_head_json":{"title":"Projektquellen - Inventaria","robots":{"index":"index","follow":"follow","max-snippet":"max-snippet:-1","max-image-preview":"max-image-preview:large","max-video-preview":"max-video-preview:-1"},"canonical":"https:\/\/www.inventaria.at\/projekt\/projektquellen\/","og_locale":"en_GB","og_type":"article","og_title":"Projektquellen - Inventaria","og_url":"https:\/\/www.inventaria.at\/projekt\/projektquellen\/","og_site_name":"Inventaria","article_modified_time":"2024-06-14T10:47:15+00:00","og_image":[{"url":"https:\/\/www.inventaria.at\/wp-content\/uploads\/elementor\/thumbs\/TLA-Inventare-A-127.2_Schlossberg-scaled-qnplj3avl4m5bs5eaxqmcrtlbvdkjyzglz4hn3k3y8.jpg","type":"","width":"","height":""}],"twitter_card":"summary_large_image","schema":{"@context":"https:\/\/schema.org","@graph":[{"@type":"WebPage","@id":"https:\/\/www.inventaria.at\/projekt\/projektquellen\/","url":"https:\/\/www.inventaria.at\/projekt\/projektquellen\/","name":"Projektquellen - Inventaria","isPartOf":{"@id":"https:\/\/www.inventaria.at\/#website"},"primaryImageOfPage":{"@id":"https:\/\/www.inventaria.at\/projekt\/projektquellen\/#primaryimage"},"image":{"@id":"https:\/\/www.inventaria.at\/projekt\/projektquellen\/#primaryimage"},"thumbnailUrl":"https:\/\/www.inventaria.at\/wp-content\/uploads\/elementor\/thumbs\/TLA-Inventare-A-127.2_Schlossberg-scaled-qnplj3avl4m5bs5eaxqmcrtlbvdkjyzglz4hn3k3y8.jpg","datePublished":"2024-05-05T10:58:38+00:00","dateModified":"2024-06-14T10:47:15+00:00","breadcrumb":{"@id":"https:\/\/www.inventaria.at\/projekt\/projektquellen\/#breadcrumb"},"inLanguage":"en-GB","potentialAction":[{"@type":"ReadAction","target":["https:\/\/www.inventaria.at\/projekt\/projektquellen\/"]}]},{"@type":"ImageObject","inLanguage":"en-GB","@id":"https:\/\/www.inventaria.at\/projekt\/projektquellen\/#primaryimage","url":"https:\/\/www.inventaria.at\/wp-content\/uploads\/elementor\/thumbs\/TLA-Inventare-A-127.2_Schlossberg-scaled-qnplj3avl4m5bs5eaxqmcrtlbvdkjyzglz4hn3k3y8.jpg","contentUrl":"https:\/\/www.inventaria.at\/wp-content\/uploads\/elementor\/thumbs\/TLA-Inventare-A-127.2_Schlossberg-scaled-qnplj3avl4m5bs5eaxqmcrtlbvdkjyzglz4hn3k3y8.jpg"},{"@type":"BreadcrumbList","@id":"https:\/\/www.inventaria.at\/projekt\/projektquellen\/#breadcrumb","itemListElement":[{"@type":"ListItem","position":1,"name":"Home","item":"https:\/\/www.inventaria.at\/"},{"@type":"ListItem","position":2,"name":"Project","item":"https:\/\/www.inventaria.at\/projekt\/"},{"@type":"ListItem","position":3,"name":"sources"}]},{"@type":"WebSite","@id":"https:\/\/www.inventaria.at\/#website","url":"https:\/\/www.inventaria.at\/","name":"Inventaria","description":"The Making of Inventories as Social Practice","publisher":{"@id":"https:\/\/www.inventaria.at\/#organization"},"potentialAction":[{"@type":"SearchAction","target":{"@type":"EntryPoint","urlTemplate":"https:\/\/www.inventaria.at\/?s={search_term_string}"},"query-input":{"@type":"PropertyValueSpecification","valueRequired":true,"valueName":"search_term_string"}}],"inLanguage":"en-GB"},{"@type":"Organization","@id":"https:\/\/www.inventaria.at\/#organization","name":"Inventaria","url":"https:\/\/www.inventaria.at\/","logo":{"@type":"ImageObject","inLanguage":"en-GB","@id":"https:\/\/www.inventaria.at\/#\/schema\/logo\/image\/","url":"https:\/\/www.inventaria.at\/wp-content\/uploads\/2024\/02\/inventaria_logo_2.svg","contentUrl":"https:\/\/www.inventaria.at\/wp-content\/uploads\/2024\/02\/inventaria_logo_2.svg","width":93,"height":144,"caption":"Inventaria"},"image":{"@id":"https:\/\/www.inventaria.at\/#\/schema\/logo\/image\/"}}]}},"_links":{"self":[{"href":"https:\/\/www.inventaria.at\/gb\/wp-json\/wp\/v2\/pages\/636","targetHints":{"allow":["GET"]}}],"collection":[{"href":"https:\/\/www.inventaria.at\/gb\/wp-json\/wp\/v2\/pages"}],"about":[{"href":"https:\/\/www.inventaria.at\/gb\/wp-json\/wp\/v2\/types\/page"}],"author":[{"embeddable":true,"href":"https:\/\/www.inventaria.at\/gb\/wp-json\/wp\/v2\/users\/1"}],"replies":[{"embeddable":true,"href":"https:\/\/www.inventaria.at\/gb\/wp-json\/wp\/v2\/comments?post=636"}],"version-history":[{"count":12,"href":"https:\/\/www.inventaria.at\/gb\/wp-json\/wp\/v2\/pages\/636\/revisions"}],"predecessor-version":[{"id":846,"href":"https:\/\/www.inventaria.at\/gb\/wp-json\/wp\/v2\/pages\/636\/revisions\/846"}],"up":[{"embeddable":true,"href":"https:\/\/www.inventaria.at\/gb\/wp-json\/wp\/v2\/pages\/75"}],"wp:attachment":[{"href":"https:\/\/www.inventaria.at\/gb\/wp-json\/wp\/v2\/media?parent=636"}],"curies":[{"name":"wp","href":"https:\/\/api.w.org\/{rel}","templated":true}]}}