{"id":344,"date":"2024-01-20T15:29:21","date_gmt":"2024-01-20T15:29:21","guid":{"rendered":"https:\/\/www.inventaria.at\/?page_id=344"},"modified":"2024-06-14T10:47:47","modified_gmt":"2024-06-14T10:47:47","slug":"semantische-auswertungen","status":"publish","type":"page","link":"https:\/\/www.inventaria.at\/gb\/projekt\/semantische-auswertungen\/","title":{"rendered":"Semantische Auswertungen"},"content":{"rendered":"\t\t<div data-elementor-type=\"wp-page\" data-elementor-id=\"344\" class=\"elementor elementor-344\">\n\t\t\t\t\t\t<section class=\"elementor-section elementor-top-section elementor-element elementor-element-6ce24e1a elementor-section-boxed elementor-section-height-default elementor-section-height-default\" data-id=\"6ce24e1a\" data-element_type=\"section\">\n\t\t\t\t\t\t<div class=\"elementor-container elementor-column-gap-default\">\n\t\t\t\t\t<div class=\"aux-parallax-section elementor-column elementor-col-100 elementor-top-column elementor-element elementor-element-3a941f88\" data-id=\"3a941f88\" data-element_type=\"column\">\n\t\t\t<div class=\"elementor-widget-wrap elementor-element-populated\">\n\t\t\t\t\t\t<div class=\"elementor-element elementor-element-3cfcfc9 elementor-widget elementor-widget-depicter_slider\" data-id=\"3cfcfc9\" data-element_type=\"widget\" data-widget_type=\"depicter_slider.default\">\n\t\t\t\t<div class=\"elementor-widget-container\">\n\t\t\t\t\t<style id=\"depicter-16-inline-pre-css\">\n\n.depicter-16:not(.depicter-ready){\n\theight:500px;\n}\n\n\/***** Tablet *****\/\n@media screen and (max-width: 1024px){\n\n.depicter-16:not(.depicter-ready){\n\theight:500px;\n}\n\n}\n\/***** Mobile *****\/\n@media screen and (max-width: 767px){\n\n.depicter-16:not(.depicter-ready){\n\theight:400px;\n}\n\n}\n<\/style>\n<div id=\"depicter-16\" class=\"depicter depicter-document depicter-revert depicter-16 depicter-layout-fullwidth\">\n\n<div class=\"depicter-loading-container depicter-loading oval-dark\"><svg class=\"depicter-single-svg-loading\" viewBox=\"0 0 38 38\" xmlns=\"http:\/\/www.w3.org\/2000\/svg\">\n   <g fill=\"none\" fill-rule=\"evenodd\">\n      <g transform=\"translate(1 1)\" stroke-width=\"2\">\n         <circle stroke-opacity=\".5\" cx=\"18\" cy=\"18\" r=\"18\" \/>\n         <path d=\"M36 18c0-9.94-8.06-18-18-18\">\n            <animateTransform attributeName=\"transform\" type=\"rotate\" from=\"0 18 18\" to=\"360 18 18\" dur=\"1s\" repeatCount=\"indefinite\" \/>\n         <\/path>\n      <\/g>\n   <\/g>\n<\/svg>\n<\/div>\n<div id=\"depicter-16-section-1\" class=\"depicter-section depicter-16-section-1\" data-name=\"Slide 1\" data-local-id=\"section-1\">\n<picture class=\"depicter-bg\">\n<source data-depicter-srcset=\"https:\/\/www.inventaria.at\/wp-content\/uploads\/2024\/01\/cidoc_personen_inventarisierungsprozess_runkelstein_1493-768x671.png, https:\/\/www.inventaria.at\/wp-content\/uploads\/2024\/01\/cidoc_personen_inventarisierungsprozess_runkelstein_1493.png 2x\" srcset=\"data:image\/gif;base64,R0lGODlhAQABAIAAAAAAAP\/\/\/yH5BAEAAAAALAAAAAABAAEAAAIBRAA7\" media=\"(max-width: 1024px)\" \/>\n\n<source data-depicter-srcset=\"https:\/\/www.inventaria.at\/wp-content\/uploads\/2024\/01\/cidoc_personen_inventarisierungsprozess_runkelstein_1493.png, https:\/\/www.inventaria.at\/wp-content\/uploads\/2024\/01\/cidoc_personen_inventarisierungsprozess_runkelstein_1493-1280x671.png 2x\" srcset=\"data:image\/gif;base64,R0lGODlhAQABAIAAAAAAAP\/\/\/yH5BAEAAAAALAAAAAABAAEAAAIBRAA7\" media=\"(min-width: 1025px)\" \/>\n<img decoding=\"async\" src=\"data:image\/gif;base64,R0lGODlhAQABAIAAAAAAAP\/\/\/yH5BAEAAAAALAAAAAABAAEAAAIBRAA7\" alt=\"CIDOC Personen Inventarisierungsprozess in Runkelstein 1493\" data-depicter-src=\"https:\/\/www.inventaria.at\/wp-content\/uploads\/2024\/01\/cidoc_personen_inventarisierungsprozess_runkelstein_1493.png\" \/>\n<\/picture>\n\n\n<h1 data-animation-in=\"{'direction':'bottom','easing':'easeOutExpo','duration':2300,'movement':200,'fade':false,'type':'move'}\" data-between-in-out=\"false\" id=\"depicter-16-element-9\" class=\"depicter-element depicter-layer depicter-16-element-9\" data-type=\"text\" data-wrap=\"true\" data-name=\"Element 9\" data-local-id=\"element-9\" data-offset=\"x:135px;y:201px;origin:tl\" data-tablet-offset=\"x:34px;y:33px;origin:tl\" data-mobile-offset=\"x:30px;y:56px;origin:tl\" data-width=\"570px,860.547px,auto\" data-height=\"auto,auto,auto\" data-responsive-scale=\"true,,\">Semantische Auswertungen<\/h1>\n\n<p data-animation-in=\"{'direction':'left','easing':'easeOutQuart','duration':1000,'movement':0,'scale':1.149999999999999911182158029987476766109466552734375,'delay':600,'type':'move'}\" data-animation-out=\"{'direction':'left','easing':'easeInOutCubic','duration':800,'movement':0,'type':'move'}\" data-between-in-out=\"false\" data-tablet-animation-in=\"{'direction':'left','easing':'easeInOutExpo','duration':800,'movement':0,'type':'move'}\" data-tablet-animation-out=\"{'direction':'left','easing':'easeInOutCubic','duration':800,'movement':0,'type':'move'}\" data-mobile-animation-in=\"{'direction':'left','easing':'easeInOutExpo','duration':800,'movement':0,'type':'move'}\" data-mobile-animation-out=\"{'direction':'left','easing':'easeInOutCubic','duration':800,'movement':0,'type':'move'}\" data-wait-for-action=\"true\" id=\"depicter-16-element-89\" class=\"depicter-element depicter-layer depicter-16-element-89\" data-type=\"text\" data-wrap=\"true\" data-name=\"Text 15\" data-local-id=\"element-89\" data-offset=\"x:69px;y:455px;origin:tl\" data-tablet-offset=\"x:79px;y:447px;origin:tl\" data-mobile-offset=\"x:56px;y:329px;origin:tl\" data-width=\"702px,500px,304px\" data-height=\"auto,auto,auto\" data-responsive-scale=\"true,,\">CIDOC Personen Inventarisierungsprozess in Runkelstein 1493<\/p>\n\n<button id=\"depicter-16-element-99\" class=\"depicter-element depicter-layer depicter-16-element-99\" data-type=\"button\" data-wrap=\"true\" data-name=\"Button 1\" data-local-id=\"element-99\" data-offset=\"x:18px;y:452px;origin:tl\" data-tablet-offset=\"x:34px;y:444px;origin:tl\" data-mobile-offset=\"x:15px;y:335px;origin:tl\" data-actions=\"[['elements','click',0,{'elements':['element-89'],'type':'toggle'}]]\" data-width=\"31px,31px,31px\" data-height=\"29px,29px,29px\" data-responsive-scale=\"true,,\"><span class=\"dp-inner-content\">c<\/span><\/button><\/div>\n<\/div>\n<script>\n(window.depicterSetups = window.depicterSetups || []).push(function(){\n\tDepicter.basePath = 'https:\/\/www.inventaria.at\/wp-content\/plugins\/depicter\/resources\/scripts\/player\/';\n\tconst dpPlayer = Depicter.setup('.depicter-16',\n\t\t{\"width\":[\"1600\",\"1024\",\"360\"],\"height\":[\"500\",\"500\",\"400\"],\"view\":\"fade\",\"keepAspectRatio\":false,\"preload\":0,\"layout\":\"fullwidth\",\"rtl\":false,\"initAfterAppear\":false,\"ajaxApiUrl\":\"https:\\\/\\\/www.inventaria.at\\\/wp-admin\\\/admin-ajax.php\",\"viewOptions\":{\"loop\":true},\"mouseSwipe\":true,\"touchSwipe\":true,\"useWatermark\":false}\n\t);\n});\n<\/script>\t\t\t\t<\/div>\n\t\t\t\t<\/div>\n\t\t\t\t\t<\/div>\n\t\t<\/div>\n\t\t\t\t\t<\/div>\n\t\t<\/section>\n\t\t\t\t<section class=\"elementor-section elementor-top-section elementor-element elementor-element-2ec9d500 elementor-reverse-mobile elementor-section-boxed elementor-section-height-default elementor-section-height-default\" data-id=\"2ec9d500\" data-element_type=\"section\">\n\t\t\t\t\t\t<div class=\"elementor-container elementor-column-gap-default\">\n\t\t\t\t\t<div class=\"aux-parallax-section elementor-column elementor-col-100 elementor-top-column elementor-element elementor-element-422421d8\" data-id=\"422421d8\" data-element_type=\"column\">\n\t\t\t<div class=\"elementor-widget-wrap elementor-element-populated\">\n\t\t\t\t\t\t<div class=\"elementor-element elementor-element-3b135bb9 aux-appear-watch-animation aux-fade-in-up elementor-widget elementor-widget-text-editor\" data-id=\"3b135bb9\" data-element_type=\"widget\" data-widget_type=\"text-editor.default\">\n\t\t\t\t<div class=\"elementor-widget-container\">\n\t\t\t\t\t\t\t\t\t<p>Unser Projekt erforscht die Bedeutung von Inventaren als dynamische Produkte kultureller Praktiken und unterscheidet dabei zwischen personen- und raumbezogenen Inventaren. Personenbezogene Inventare listen meist bewegliche G\u00fcter einer Person auf, w\u00e4hrend raumbezogene Inventare sich auf die mobile Ausstattung von Geb\u00e4uden konzentrieren und selten feste Elemente wie Kochnischen oder Wandverkleidungen erfassen.<\/p><p>Wir nutzen Inventare als Br\u00fccke zu arch\u00e4ologischen, bauhistorischen, bildlichen und literarischen Quellen. Die Analyse zielt darauf ab, die Beziehungen zwischen Menschen, Objekten und R\u00e4umen zu verstehen. Dabei werden sowohl materielle Aspekte (wie Anzahl, Farbe, Qualit\u00e4t) als auch soziale Gesichtspunkte (wie Handlungen, Personen, Objektbiographien) und raumbezogene Informationen ber\u00fccksichtigt.<\/p><p>Unsere Forschung konzentriert sich auf raumbezogene Inventare, insbesondere auf Burginventare, und f\u00fcllt damit eine Forschungsl\u00fccke. Wir untersuchen, wie Objekte mit bestimmten R\u00e4umen verbunden sind, ob es geschlechtsspezifische Objekte gibt, Informationen zur Nutzung der Gegenst\u00e4nde und ihre Beziehungen zu Personen oder anderen Objekten, sowie Erkenntnisse \u00fcber Burgen als soziale Orte. F\u00fcr die historisch-semantische Analyse verwenden wir ein spezielles Tagset.<\/p>\t\t\t\t\t\t\t\t<\/div>\n\t\t\t\t<\/div>\n\t\t\t\t<div class=\"elementor-element elementor-element-6fa8b6d8 aux-appear-watch-animation aux-fade-in-up elementor-widget elementor-widget-text-editor\" data-id=\"6fa8b6d8\" data-element_type=\"widget\" data-widget_type=\"text-editor.default\">\n\t\t\t\t<div class=\"elementor-widget-container\">\n\t\t\t\t\t\t\t\t\t<p>Unser Projekt erforscht die Sprache der Inventare, um historische Sprachbest\u00e4nde zu erschlie\u00dfen und die Objektbezeichnungen in den Inventaren zu verstehen. Wir erstellen ein Glossar, das die semantischen Inhalte der Inventare erschlie\u00dft und kl\u00e4ren historische Begriffe f\u00fcr Objekte. Die Inventare, in Fr\u00fchneuhochdeutsch, Renaissanceitalienisch und Neulatein verfasst, dienen als Basis f\u00fcr einen Thesaurus, der zur ontologischen Erschlie\u00dfung der semantischen Welten der Inventare beitr\u00e4gt.<\/p><p>Wir verwenden automatische linguistische Annotationen, um die Texte in ein korpusbasiertes System zu integrieren, wobei bestehende Methoden aus \u00e4hnlichen Projekten angewandt werden. Die\u00a0<a href=\"https:\/\/www.cidoc-crm.org\/\" target=\"_blank\" rel=\"noopener\">CIDOC-CRM-Ontologie<\/a>, ein ISO-Standard in den Digital Humanities, hilft uns, die Beziehungen zwischen den Inventareintr\u00e4gen, Objekten und R\u00e4umen darzustellen.<\/p><p>Der endg\u00fcltige Thesaurus basiert auf den aus den Inventaren extrahierten Vokabularen, erg\u00e4nzt durch Konzepte aus bestehenden Thesauri wie dem Getty AAT. Wir implementieren den Thesaurus im <a href=\"https:\/\/www.w3.org\/2004\/02\/skos\/\" target=\"_blank\" rel=\"noopener\">SKOS-Format<\/a>, um ihn in der Semantic-Web-Gemeinschaft f\u00fcr Wissensorganisationssysteme wie Thesauri und Taxonomien zug\u00e4nglich zu machen.<\/p>\t\t\t\t\t\t\t\t<\/div>\n\t\t\t\t<\/div>\n\t\t\t\t<div class=\"elementor-element elementor-element-70f98d3 aux-appear-watch-animation aux-fade-in-up elementor-widget elementor-widget-text-editor\" data-id=\"70f98d3\" data-element_type=\"widget\" data-widget_type=\"text-editor.default\">\n\t\t\t\t<div class=\"elementor-widget-container\">\n\t\t\t\t\t\t\t\t\t<p>Im dritten Teil unseres Projekts verkn\u00fcpfen wir die aus den Inventaren gewonnenen Informationen \u00fcber die Beziehungen zwischen Objekten, Menschen, Praktiken und R\u00e4umen mit existierenden oder als Ruinen erhaltenen Tiroler Burgen. Diese Burgen sind nicht nur umfassend durch schriftliche Quellen dokumentiert, sondern bieten auch die M\u00f6glichkeit, die historische Raumfolge nachzuvollziehen.<\/p><p>Wir nutzen vorhandene Forschungsergebnisse, wie das Tiroler Burgenbuch und die Baugeschichte von Schloss Tirol, und kombinieren diese mit den Informationen aus den Inventaren. Unser Ziel ist es, diese kombinierten Daten \u00fcber eine Website sowohl Wissenschaftlern als auch der interessierten \u00d6ffentlichkeit zug\u00e4nglich zu machen. Dies tr\u00e4gt zur weiteren Erschlie\u00dfung des kulturellen Erbes der Tiroler Burgen bei.<\/p><p>Ein besonderer Fokus unseres Projekts liegt darauf, den vorherrschend m\u00e4nnlichen Blick auf Burgen zu hinterfragen und einen Schritt in Richtung einer inklusiven, geschlechterbewussten Interpretation zu machen, die Unterschiede in der Vergangenheit in Bezug auf Geschlecht ber\u00fccksichtigt.<\/p>\t\t\t\t\t\t\t\t<\/div>\n\t\t\t\t<\/div>\n\t\t\t\t\t<\/div>\n\t\t<\/div>\n\t\t\t\t\t<\/div>\n\t\t<\/section>\n\t\t\t\t<\/div>\n\t\t","protected":false},"excerpt":{"rendered":"<p>Semantische Auswertungen CIDOC Personen Inventarisierungsprozess in Runkelstein 1493 c Unser Projekt erforscht die Bedeutung von Inventaren als dynamische Produkte kultureller Praktiken und unterscheidet dabei zwischen personen- und raumbezogenen Inventaren. Personenbezogene Inventare listen meist bewegliche G\u00fcter einer Person auf, w\u00e4hrend raumbezogene Inventare sich auf die mobile Ausstattung von Geb\u00e4uden konzentrieren und selten feste Elemente wie Kochnischen [&hellip;]<\/p>\n","protected":false},"author":1,"featured_media":0,"parent":75,"menu_order":0,"comment_status":"closed","ping_status":"closed","template":"","meta":{"footnotes":""},"class_list":["post-344","page","type-page","status-publish","hentry"],"translation":{"provider":"WPGlobus","version":"3.0.0","language":"gb","enabled_languages":["de","gb"],"languages":{"de":{"title":true,"content":true,"excerpt":false},"gb":{"title":false,"content":false,"excerpt":false}}},"yoast_head":"<!-- This site is optimized with the Yoast SEO plugin v25.2 - https:\/\/yoast.com\/wordpress\/plugins\/seo\/ -->\n<title>Semantische Auswertungen - Inventaria<\/title>\n<meta name=\"robots\" content=\"index, follow, max-snippet:-1, max-image-preview:large, max-video-preview:-1\" \/>\n<link rel=\"canonical\" href=\"https:\/\/www.inventaria.at\/projekt\/semantische-auswertungen\/\" \/>\n<meta property=\"og:locale\" content=\"en_GB\" \/>\n<meta property=\"og:type\" content=\"article\" \/>\n<meta property=\"og:title\" content=\"Semantische Auswertungen - Inventaria\" \/>\n<meta property=\"og:url\" content=\"https:\/\/www.inventaria.at\/projekt\/semantische-auswertungen\/\" \/>\n<meta property=\"og:site_name\" content=\"Inventaria\" \/>\n<meta property=\"article:modified_time\" content=\"2024-06-14T10:47:47+00:00\" \/>\n<meta name=\"twitter:card\" content=\"summary_large_image\" \/>\n<meta name=\"twitter:label1\" content=\"Est. reading time\" \/>\n\t<meta name=\"twitter:data1\" content=\"3 minutes\" \/>\n<script type=\"application\/ld+json\" class=\"yoast-schema-graph\">{\"@context\":\"https:\/\/schema.org\",\"@graph\":[{\"@type\":\"WebPage\",\"@id\":\"https:\/\/www.inventaria.at\/projekt\/semantische-auswertungen\/\",\"url\":\"https:\/\/www.inventaria.at\/projekt\/semantische-auswertungen\/\",\"name\":\"Semantische Auswertungen - Inventaria\",\"isPartOf\":{\"@id\":\"https:\/\/www.inventaria.at\/#website\"},\"datePublished\":\"2024-01-20T15:29:21+00:00\",\"dateModified\":\"2024-06-14T10:47:47+00:00\",\"description\":\"Was wird von Projekt Inventaria \u00fcberhaupt ausgewertet und wie? Hier finden Sie eine Beschreibung der semantischen Auswertungen.\",\"breadcrumb\":{\"@id\":\"https:\/\/www.inventaria.at\/projekt\/semantische-auswertungen\/#breadcrumb\"},\"inLanguage\":\"en-GB\",\"potentialAction\":[{\"@type\":\"ReadAction\",\"target\":[\"https:\/\/www.inventaria.at\/projekt\/semantische-auswertungen\/\"]}]},{\"@type\":\"BreadcrumbList\",\"@id\":\"https:\/\/www.inventaria.at\/projekt\/semantische-auswertungen\/#breadcrumb\",\"itemListElement\":[{\"@type\":\"ListItem\",\"position\":1,\"name\":\"Home\",\"item\":\"https:\/\/www.inventaria.at\/\"},{\"@type\":\"ListItem\",\"position\":2,\"name\":\"Project\",\"item\":\"https:\/\/www.inventaria.at\/projekt\/\"},{\"@type\":\"ListItem\",\"position\":3,\"name\":\"semantic analyses\"}]},{\"@type\":\"WebSite\",\"@id\":\"https:\/\/www.inventaria.at\/#website\",\"url\":\"https:\/\/www.inventaria.at\/\",\"name\":\"Inventaria\",\"description\":\"The Making of Inventories as Social Practice\",\"publisher\":{\"@id\":\"https:\/\/www.inventaria.at\/#organization\"},\"potentialAction\":[{\"@type\":\"SearchAction\",\"target\":{\"@type\":\"EntryPoint\",\"urlTemplate\":\"https:\/\/www.inventaria.at\/?s={search_term_string}\"},\"query-input\":{\"@type\":\"PropertyValueSpecification\",\"valueRequired\":true,\"valueName\":\"search_term_string\"}}],\"inLanguage\":\"en-GB\"},{\"@type\":\"Organization\",\"@id\":\"https:\/\/www.inventaria.at\/#organization\",\"name\":\"Inventaria\",\"url\":\"https:\/\/www.inventaria.at\/\",\"logo\":{\"@type\":\"ImageObject\",\"inLanguage\":\"en-GB\",\"@id\":\"https:\/\/www.inventaria.at\/#\/schema\/logo\/image\/\",\"url\":\"https:\/\/www.inventaria.at\/wp-content\/uploads\/2024\/02\/inventaria_logo_2.svg\",\"contentUrl\":\"https:\/\/www.inventaria.at\/wp-content\/uploads\/2024\/02\/inventaria_logo_2.svg\",\"width\":93,\"height\":144,\"caption\":\"Inventaria\"},\"image\":{\"@id\":\"https:\/\/www.inventaria.at\/#\/schema\/logo\/image\/\"}}]}<\/script>\n<!-- \/ Yoast SEO plugin. -->","yoast_head_json":{"title":"Semantische Auswertungen - Inventaria","robots":{"index":"index","follow":"follow","max-snippet":"max-snippet:-1","max-image-preview":"max-image-preview:large","max-video-preview":"max-video-preview:-1"},"canonical":"https:\/\/www.inventaria.at\/projekt\/semantische-auswertungen\/","og_locale":"en_GB","og_type":"article","og_title":"Semantische Auswertungen - Inventaria","og_url":"https:\/\/www.inventaria.at\/projekt\/semantische-auswertungen\/","og_site_name":"Inventaria","article_modified_time":"2024-06-14T10:47:47+00:00","twitter_card":"summary_large_image","twitter_misc":{"Est. reading time":"3 minutes"},"schema":{"@context":"https:\/\/schema.org","@graph":[{"@type":"WebPage","@id":"https:\/\/www.inventaria.at\/projekt\/semantische-auswertungen\/","url":"https:\/\/www.inventaria.at\/projekt\/semantische-auswertungen\/","name":"Semantische Auswertungen - Inventaria","isPartOf":{"@id":"https:\/\/www.inventaria.at\/#website"},"datePublished":"2024-01-20T15:29:21+00:00","dateModified":"2024-06-14T10:47:47+00:00","description":"Was wird von Projekt Inventaria \u00fcberhaupt ausgewertet und wie? Hier finden Sie eine Beschreibung der semantischen Auswertungen.","breadcrumb":{"@id":"https:\/\/www.inventaria.at\/projekt\/semantische-auswertungen\/#breadcrumb"},"inLanguage":"en-GB","potentialAction":[{"@type":"ReadAction","target":["https:\/\/www.inventaria.at\/projekt\/semantische-auswertungen\/"]}]},{"@type":"BreadcrumbList","@id":"https:\/\/www.inventaria.at\/projekt\/semantische-auswertungen\/#breadcrumb","itemListElement":[{"@type":"ListItem","position":1,"name":"Home","item":"https:\/\/www.inventaria.at\/"},{"@type":"ListItem","position":2,"name":"Project","item":"https:\/\/www.inventaria.at\/projekt\/"},{"@type":"ListItem","position":3,"name":"semantic analyses"}]},{"@type":"WebSite","@id":"https:\/\/www.inventaria.at\/#website","url":"https:\/\/www.inventaria.at\/","name":"Inventaria","description":"The Making of Inventories as Social Practice","publisher":{"@id":"https:\/\/www.inventaria.at\/#organization"},"potentialAction":[{"@type":"SearchAction","target":{"@type":"EntryPoint","urlTemplate":"https:\/\/www.inventaria.at\/?s={search_term_string}"},"query-input":{"@type":"PropertyValueSpecification","valueRequired":true,"valueName":"search_term_string"}}],"inLanguage":"en-GB"},{"@type":"Organization","@id":"https:\/\/www.inventaria.at\/#organization","name":"Inventaria","url":"https:\/\/www.inventaria.at\/","logo":{"@type":"ImageObject","inLanguage":"en-GB","@id":"https:\/\/www.inventaria.at\/#\/schema\/logo\/image\/","url":"https:\/\/www.inventaria.at\/wp-content\/uploads\/2024\/02\/inventaria_logo_2.svg","contentUrl":"https:\/\/www.inventaria.at\/wp-content\/uploads\/2024\/02\/inventaria_logo_2.svg","width":93,"height":144,"caption":"Inventaria"},"image":{"@id":"https:\/\/www.inventaria.at\/#\/schema\/logo\/image\/"}}]}},"_links":{"self":[{"href":"https:\/\/www.inventaria.at\/gb\/wp-json\/wp\/v2\/pages\/344","targetHints":{"allow":["GET"]}}],"collection":[{"href":"https:\/\/www.inventaria.at\/gb\/wp-json\/wp\/v2\/pages"}],"about":[{"href":"https:\/\/www.inventaria.at\/gb\/wp-json\/wp\/v2\/types\/page"}],"author":[{"embeddable":true,"href":"https:\/\/www.inventaria.at\/gb\/wp-json\/wp\/v2\/users\/1"}],"replies":[{"embeddable":true,"href":"https:\/\/www.inventaria.at\/gb\/wp-json\/wp\/v2\/comments?post=344"}],"version-history":[{"count":14,"href":"https:\/\/www.inventaria.at\/gb\/wp-json\/wp\/v2\/pages\/344\/revisions"}],"predecessor-version":[{"id":848,"href":"https:\/\/www.inventaria.at\/gb\/wp-json\/wp\/v2\/pages\/344\/revisions\/848"}],"up":[{"embeddable":true,"href":"https:\/\/www.inventaria.at\/gb\/wp-json\/wp\/v2\/pages\/75"}],"wp:attachment":[{"href":"https:\/\/www.inventaria.at\/gb\/wp-json\/wp\/v2\/media?parent=344"}],"curies":[{"name":"wp","href":"https:\/\/api.w.org\/{rel}","templated":true}]}}