{"id":1108,"date":"2024-06-26T15:04:16","date_gmt":"2024-06-26T15:04:16","guid":{"rendered":"https:\/\/www.inventaria.at\/?page_id=1108"},"modified":"2024-07-12T12:38:03","modified_gmt":"2024-07-12T12:38:03","slug":"digitalisierung","status":"publish","type":"page","link":"https:\/\/www.inventaria.at\/gb\/digitalisierung\/","title":{"rendered":"Digitalisierung und Transkription"},"content":{"rendered":"\t\t<div data-elementor-type=\"wp-page\" data-elementor-id=\"1108\" class=\"elementor elementor-1108\">\n\t\t\t\t\t\t<section class=\"elementor-section elementor-top-section elementor-element elementor-element-66af1bf elementor-section-boxed elementor-section-height-default elementor-section-height-default\" data-id=\"66af1bf\" data-element_type=\"section\">\n\t\t\t\t\t\t<div class=\"elementor-container elementor-column-gap-default\">\n\t\t\t\t\t<div class=\"aux-parallax-section elementor-column elementor-col-100 elementor-top-column elementor-element elementor-element-ddfbf2c\" data-id=\"ddfbf2c\" data-element_type=\"column\">\n\t\t\t<div class=\"elementor-widget-wrap elementor-element-populated\">\n\t\t\t\t\t\t<div class=\"elementor-element elementor-element-b230138 elementor-widget elementor-widget-depicter_slider\" data-id=\"b230138\" data-element_type=\"widget\" data-widget_type=\"depicter_slider.default\">\n\t\t\t\t<div class=\"elementor-widget-container\">\n\t\t\t\t\t<style id=\"depicter-129-inline-pre-css\">\n\n.depicter-129:not(.depicter-ready){\n\theight:500px;\n}\n\n\/***** Tablet *****\/\n@media screen and (max-width: 1024px){\n\n.depicter-129:not(.depicter-ready){\n\theight:500px;\n}\n\n}\n\/***** Mobile *****\/\n@media screen and (max-width: 767px){\n\n.depicter-129:not(.depicter-ready){\n\theight:740px;\n}\n\n}\n<\/style>\n<div id=\"depicter-129\" class=\"depicter depicter-document depicter-revert depicter-129 depicter-layout-fullwidth depicter-hide-on-mobile\">\n\n<div class=\"depicter-loading-container depicter-loading dotFlashing-dark\"><div class=\"depicter-loading-dark depicter-dot-flashing\">\n   <span><\/span>\n   <span><\/span>\n   <span><\/span>\n<\/div><\/div>\n<div id=\"depicter-129-section-1\" class=\"depicter-section depicter-129-section-1\" data-name=\"Section 1\" data-local-id=\"section-1\">\n<picture class=\"depicter-bg\">\n<source data-depicter-srcset=\"https:\/\/www.inventaria.at\/wp-content\/uploads\/2024\/07\/vlcsnap-2024-07-11-12h46m20s309-768x768.png, https:\/\/www.inventaria.at\/wp-content\/uploads\/2024\/07\/vlcsnap-2024-07-11-12h46m20s309.png 2x\" srcset=\"data:image\/gif;base64,R0lGODlhAQABAIAAAAAAAP\/\/\/yH5BAEAAAAALAAAAAABAAEAAAIBRAA7\" media=\"(max-width: 1024px)\" \/>\n\n<source data-depicter-srcset=\"https:\/\/www.inventaria.at\/wp-content\/uploads\/2024\/07\/vlcsnap-2024-07-11-12h46m20s309.png, https:\/\/www.inventaria.at\/wp-content\/uploads\/2024\/07\/vlcsnap-2024-07-11-12h46m20s309-3840x2160.png 2x\" srcset=\"data:image\/gif;base64,R0lGODlhAQABAIAAAAAAAP\/\/\/yH5BAEAAAAALAAAAAABAAEAAAIBRAA7\" media=\"(min-width: 1025px)\" \/>\n<img decoding=\"async\" src=\"data:image\/gif;base64,R0lGODlhAQABAIAAAAAAAP\/\/\/yH5BAEAAAAALAAAAAABAAEAAAIBRAA7\" alt=\"\" data-depicter-src=\"https:\/\/www.inventaria.at\/wp-content\/uploads\/2024\/07\/vlcsnap-2024-07-11-12h46m20s309.png\" \/>\n<\/picture>\n\n\n<h1 id=\"depicter-129-element-3\" class=\"depicter-element depicter-layer depicter-129-element-3\" data-type=\"text\" data-wrap=\"true\" data-name=\"Text 1\" data-local-id=\"element-3\" data-offset=\"x:38px;y:251px;origin:tl\" data-width=\"509px,,\" data-height=\"auto,,\" data-responsive-scale=\"true,,\">Digitalisierung und Transkription<\/h1>\n\n<h1 data-animation-in=\"{'direction':'bottom','easing':'easeOutExpo','duration':2300,'movement':{'value':200,'unit':'px'},'type':'move'}\" data-between-in-out=\"false\" id=\"depicter-129-element-7\" class=\"depicter-element depicter-layer depicter-129-element-7\" data-type=\"text\" data-wrap=\"true\" data-name=\"Text 4\" data-local-id=\"element-7\" data-offset=\"x:135px;y:200px;origin:tl\" data-width=\"1342.6px,,\" data-height=\"auto,,\" data-responsive-scale=\"true,,\">Digitalisierung und Transkription<\/h1>\n<\/div>\n<\/div>\n<script>\n(window.depicterSetups = window.depicterSetups || []).push(function(){\n\tDepicter.basePath = 'https:\/\/www.inventaria.at\/wp-content\/plugins\/depicter\/resources\/scripts\/player\/';\n\tconst dpPlayer = Depicter.setup('.depicter-129',\n\t\t{\"width\":[\"1600\",\"1024\",\"360\"],\"height\":[\"500\",\"500\",\"740\"],\"view\":\"basic\",\"keepAspectRatio\":true,\"preload\":0,\"layout\":\"fullwidth\",\"rtl\":false,\"initAfterAppear\":false,\"ajaxApiUrl\":\"https:\\\/\\\/www.inventaria.at\\\/wp-admin\\\/admin-ajax.php\",\"viewOptions\":{\"loop\":false},\"mouseSwipe\":true,\"touchSwipe\":true,\"useWatermark\":false}\n\t);\n});\n<\/script>\t\t\t\t<\/div>\n\t\t\t\t<\/div>\n\t\t\t\t<div class=\"elementor-element elementor-element-f9fe748 elementor-widget elementor-widget-heading\" data-id=\"f9fe748\" data-element_type=\"widget\" data-widget_type=\"heading.default\">\n\t\t\t\t<div class=\"elementor-widget-container\">\n\t\t\t\t\t<h1 class=\"elementor-heading-title elementor-size-default\">Digitalisierung mit Transkribus ScanTent<\/h1>\t\t\t\t<\/div>\n\t\t\t\t<\/div>\n\t\t\t\t\t<\/div>\n\t\t<\/div>\n\t\t\t\t\t<\/div>\n\t\t<\/section>\n\t\t\t\t<section class=\"elementor-section elementor-top-section elementor-element elementor-element-7c2a49b elementor-section-boxed elementor-section-height-default elementor-section-height-default\" data-id=\"7c2a49b\" data-element_type=\"section\">\n\t\t\t\t\t\t<div class=\"elementor-container elementor-column-gap-default\">\n\t\t\t\t\t<div class=\"aux-parallax-section elementor-column elementor-col-100 elementor-top-column elementor-element elementor-element-0cbffdc\" data-id=\"0cbffdc\" data-element_type=\"column\">\n\t\t\t<div class=\"elementor-widget-wrap elementor-element-populated\">\n\t\t\t\t\t\t<section class=\"elementor-section elementor-inner-section elementor-element elementor-element-ab5de98 elementor-section-boxed elementor-section-height-default elementor-section-height-default\" data-id=\"ab5de98\" data-element_type=\"section\">\n\t\t\t\t\t\t<div class=\"elementor-container elementor-column-gap-default\">\n\t\t\t\t\t<div class=\"aux-parallax-section elementor-column elementor-col-50 elementor-inner-column elementor-element elementor-element-26c2079\" data-id=\"26c2079\" data-element_type=\"column\">\n\t\t\t<div class=\"elementor-widget-wrap elementor-element-populated\">\n\t\t\t\t\t\t<div class=\"elementor-element elementor-element-f3c26d9 elementor-widget elementor-widget-text-editor\" data-id=\"f3c26d9\" data-element_type=\"widget\" data-widget_type=\"text-editor.default\">\n\t\t\t\t<div class=\"elementor-widget-container\">\n\t\t\t\t\t\t\t\t\t<p>Als Auswahlgrundlage f\u00fcr die Burgeninventare diente die Reihe A (Tiroler Landesarchiv) und der Zeitrahmen bis 1550. Die Digitalisierung wurde dann mit einem <a href=\"https:\/\/www.transkribus.org\/de\/scantent\">ScanTent\u00a0<\/a>von Transkribus durchgef\u00fchrt. Das Scanzelt ist leicht und faltbar und &#8220;bietet optimale Bedingungen f\u00fcr das Fotografieren von handgeschriebenen und gedruckten Dokumenten.&#8221;<\/p>\t\t\t\t\t\t\t\t<\/div>\n\t\t\t\t<\/div>\n\t\t\t\t\t<\/div>\n\t\t<\/div>\n\t\t\t\t<div class=\"aux-parallax-section elementor-column elementor-col-50 elementor-inner-column elementor-element elementor-element-06a54a8\" data-id=\"06a54a8\" data-element_type=\"column\">\n\t\t\t<div class=\"elementor-widget-wrap elementor-element-populated\">\n\t\t\t\t\t\t<div class=\"elementor-element elementor-element-3c34b9f elementor-widget elementor-widget-text-editor\" data-id=\"3c34b9f\" data-element_type=\"widget\" data-widget_type=\"text-editor.default\">\n\t\t\t\t<div class=\"elementor-widget-container\">\n\t\t\t\t\t\t\t\t\t<p>F\u00fcr den Scan wurde die Smartphone-App DocScan verwendet, die eigens f\u00fcr das Scannen historischer Dokumente entwickelt wurde. Die Scans werden direkt in die Tranksriptionsplattform <a href=\"https:\/\/www.transkribus.org\/\">Transkribus<\/a> importiert und stehen so nach der automatischen Layout-Analyse f\u00fcr die Transkription bereit.\u00a0<\/p>\t\t\t\t\t\t\t\t<\/div>\n\t\t\t\t<\/div>\n\t\t\t\t\t<\/div>\n\t\t<\/div>\n\t\t\t\t\t<\/div>\n\t\t<\/section>\n\t\t\t\t<div class=\"elementor-element elementor-element-e753d84 elementor-widget elementor-widget-aux-before-after\" data-id=\"e753d84\" data-element_type=\"widget\" data-widget_type=\"aux-before-after.default\">\n\t\t\t\t<div class=\"elementor-widget-container\">\n\t\t\t\t\t<div class=\"widget-container aux-widget-before-after\"><div class=\"aux-before-after\" data-offset=\"0.5\" ><img fetchpriority=\"high\" decoding=\"async\" width=\"1024\" height=\"615\" src=\"https:\/\/www.inventaria.at\/wp-content\/uploads\/2024\/06\/Picture1-1024x615.jpg\" class=\"attachment-large size-large wp-image-1115\" alt=\"\" srcset=\"https:\/\/www.inventaria.at\/wp-content\/uploads\/2024\/06\/Picture1-1024x615.jpg 1024w, https:\/\/www.inventaria.at\/wp-content\/uploads\/2024\/06\/Picture1-18x10.jpg 18w\" \/> <img decoding=\"async\" width=\"449\" height=\"745\" src=\"https:\/\/www.inventaria.at\/wp-content\/uploads\/2024\/06\/Picture2.png\" class=\"attachment-large size-large wp-image-1116\" alt=\"\" srcset=\"https:\/\/www.inventaria.at\/wp-content\/uploads\/2024\/06\/Picture2.png 449w, https:\/\/www.inventaria.at\/wp-content\/uploads\/2024\/06\/Picture2-7x12.png 7w, https:\/\/www.inventaria.at\/wp-content\/uploads\/2024\/06\/Picture2-200x332.png 200w\" \/><\/div><\/div>\t\t\t\t<\/div>\n\t\t\t\t<\/div>\n\t\t\t\t\t<\/div>\n\t\t<\/div>\n\t\t\t\t\t<\/div>\n\t\t<\/section>\n\t\t\t\t<section class=\"elementor-section elementor-top-section elementor-element elementor-element-79e2048 elementor-section-boxed elementor-section-height-default elementor-section-height-default\" data-id=\"79e2048\" data-element_type=\"section\">\n\t\t\t\t\t\t<div class=\"elementor-container elementor-column-gap-default\">\n\t\t\t\t\t<div class=\"aux-parallax-section elementor-column elementor-col-100 elementor-top-column elementor-element elementor-element-0779006\" data-id=\"0779006\" data-element_type=\"column\">\n\t\t\t<div class=\"elementor-widget-wrap elementor-element-populated\">\n\t\t\t\t\t\t<div class=\"elementor-element elementor-element-2078c5b elementor-widget elementor-widget-heading\" data-id=\"2078c5b\" data-element_type=\"widget\" data-widget_type=\"heading.default\">\n\t\t\t\t<div class=\"elementor-widget-container\">\n\t\t\t\t\t<h2 class=\"elementor-heading-title elementor-size-default\">Transkription<\/h2>\t\t\t\t<\/div>\n\t\t\t\t<\/div>\n\t\t\t\t\t<\/div>\n\t\t<\/div>\n\t\t\t\t\t<\/div>\n\t\t<\/section>\n\t\t\t\t<section class=\"elementor-section elementor-top-section elementor-element elementor-element-4f6961b elementor-section-boxed elementor-section-height-default elementor-section-height-default\" data-id=\"4f6961b\" data-element_type=\"section\">\n\t\t\t\t\t\t<div class=\"elementor-container elementor-column-gap-default\">\n\t\t\t\t\t<div class=\"aux-parallax-section elementor-column elementor-col-100 elementor-top-column elementor-element elementor-element-b86e3a5\" data-id=\"b86e3a5\" data-element_type=\"column\">\n\t\t\t<div class=\"elementor-widget-wrap elementor-element-populated\">\n\t\t\t\t\t\t<section class=\"elementor-section elementor-inner-section elementor-element elementor-element-2abd43f elementor-section-boxed elementor-section-height-default elementor-section-height-default\" data-id=\"2abd43f\" data-element_type=\"section\">\n\t\t\t\t\t\t<div class=\"elementor-container elementor-column-gap-default\">\n\t\t\t\t\t<div class=\"aux-parallax-section elementor-column elementor-col-50 elementor-inner-column elementor-element elementor-element-3b24445\" data-id=\"3b24445\" data-element_type=\"column\">\n\t\t\t<div class=\"elementor-widget-wrap elementor-element-populated\">\n\t\t\t\t\t\t<div class=\"elementor-element elementor-element-58b3311 elementor-widget elementor-widget-text-editor\" data-id=\"58b3311\" data-element_type=\"widget\" data-widget_type=\"text-editor.default\">\n\t\t\t\t<div class=\"elementor-widget-container\">\n\t\t\t\t\t\t\t\t\t<p style=\"text-align: left;\">F\u00fcr die Transkription der 130 Inventare wurde ein ausf\u00fchrliches Transkriptionshandbuch erstellt, welches auf dem in Antenhofer () publizierten fu\u00dft. Arbeitschritte wurden spezifisch auf die Projektziele von Inventaria angepasst. Die Arbeitstranskription erfolgt nach historischen Kriterien und geschieht in enger Anlehnung an und in Zusammenarbeit mit dem Projekt <a href=\"https:\/\/www.imareal.sbg.ac.at\/imareal-projekte\/hohensalzburg-digital\/\" target=\"_blank\" rel=\"noopener\">Hohensalzburg Digital<\/a>.&nbsp;<\/p>\t\t\t\t\t\t\t\t<\/div>\n\t\t\t\t<\/div>\n\t\t\t\t<div class=\"elementor-element elementor-element-a8c5827 elementor-widget elementor-widget-image-gallery\" data-id=\"a8c5827\" data-element_type=\"widget\" data-widget_type=\"image-gallery.default\">\n\t\t\t\t<div class=\"elementor-widget-container\">\n\t\t\t\t\t\t\t<div class=\"elementor-image-gallery\">\n\t\t\t<div id='gallery-1' class='gallery galleryid-1108 gallery-columns-1 gallery-size-medium_large'><figure class='gallery-item'>\n\t\t\t<div class='gallery-icon portrait'>\n\t\t\t\t<a data-elementor-open-lightbox=\"yes\" data-elementor-lightbox-slideshow=\"a8c5827\" data-elementor-lightbox-title=\"Picture2\" data-e-action-hash=\"#elementor-action%3Aaction%3Dlightbox%26settings%3DeyJpZCI6MTExNiwidXJsIjoiaHR0cHM6XC9cL3d3dy5pbnZlbnRhcmlhLmF0XC93cC1jb250ZW50XC91cGxvYWRzXC8yMDI0XC8wNlwvUGljdHVyZTIucG5nIiwic2xpZGVzaG93IjoiYThjNTgyNyJ9\" href='https:\/\/www.inventaria.at\/wp-content\/uploads\/2024\/06\/Picture2.png'><img decoding=\"async\" width=\"449\" height=\"745\" src=\"https:\/\/www.inventaria.at\/wp-content\/uploads\/2024\/06\/Picture2.png\" class=\"attachment-medium_large size-medium_large\" alt=\"\" aria-describedby=\"gallery-1-1116\" srcset=\"https:\/\/www.inventaria.at\/wp-content\/uploads\/2024\/06\/Picture2.png 449w, https:\/\/www.inventaria.at\/wp-content\/uploads\/2024\/06\/Picture2-7x12.png 7w, https:\/\/www.inventaria.at\/wp-content\/uploads\/2024\/06\/Picture2-200x332.png 200w\" sizes=\"(max-width: 449px) 100vw, 449px\" \/><\/a>\n\t\t\t<\/div>\n\t\t\t\t<figcaption class='wp-caption-text gallery-caption' id='gallery-1-1116'>\n\t\t\t\tTranskriptionstool\n\t\t\t\t<\/figcaption><\/figure>\n\t\t<\/div>\n\t\t<\/div>\n\t\t\t\t\t\t<\/div>\n\t\t\t\t<\/div>\n\t\t\t\t\t<\/div>\n\t\t<\/div>\n\t\t\t\t<div class=\"aux-parallax-section elementor-column elementor-col-50 elementor-inner-column elementor-element elementor-element-6418023\" data-id=\"6418023\" data-element_type=\"column\">\n\t\t\t<div class=\"elementor-widget-wrap elementor-element-populated\">\n\t\t\t\t\t\t<div class=\"elementor-element elementor-element-8c460f5 elementor-widget elementor-widget-text-editor\" data-id=\"8c460f5\" data-element_type=\"widget\" data-widget_type=\"text-editor.default\">\n\t\t\t\t<div class=\"elementor-widget-container\">\n\t\t\t\t\t\t\t\t\t<p>Das Arbeitsfenster in Transkribus besteht aus der Abbildung des Originalscans, sowie farblich markierten Strukturtypen, die den Textteilen zugeiwesen werden k\u00f6nnen. Dies erfolgt teilweise automatisch, teilweise h\u00e4ndisch. So werden Fehler durch die automatische Layoutsegmentierung (wie z.B. falsch erkannte \u00dcberschriften) w\u00e4hrend der Transkription h\u00e4ndisch bereinigt .&nbsp;<\/p>\n<p>Direkt darunter findet sich der automatische Transkriptionsvorschlag, der vom HTR Handschriftenmodell vorgeschlagen wird. Es muss also nicht der gesamte Text getippt werden, sondern lediglich Fehler verbessert werden. Gleichzeitig wurden in diesem Schritt bereits Annotierungen vorgenommen (= Unterstreichungen).<\/p>\n<p>Die Metadaten der Digitalisate werden getrennt in einer Tabelle erfasst. Erfasst werden Daten wie z.B. die Originalsignatur im Tiroler Landesarchiv, ein zentrales Thema des Inventars (wenn es Besonderheiten gibt), Jahreszahlen, Burgeigent\u00fcmer, Inventartyp, usw.<\/p>\n<p>&nbsp; <\/p>\n<p><br><\/p>\t\t\t\t\t\t\t\t<\/div>\n\t\t\t\t<\/div>\n\t\t\t\t\t<\/div>\n\t\t<\/div>\n\t\t\t\t\t<\/div>\n\t\t<\/section>\n\t\t\t\t\t<\/div>\n\t\t<\/div>\n\t\t\t\t\t<\/div>\n\t\t<\/section>\n\t\t\t\t<section class=\"elementor-section elementor-top-section elementor-element elementor-element-e4caf2a elementor-section-boxed elementor-section-height-default elementor-section-height-default\" data-id=\"e4caf2a\" data-element_type=\"section\">\n\t\t\t\t\t\t<div class=\"elementor-container elementor-column-gap-default\">\n\t\t\t\t\t<div class=\"aux-parallax-section elementor-column elementor-col-100 elementor-top-column elementor-element elementor-element-a0b96dc\" data-id=\"a0b96dc\" data-element_type=\"column\">\n\t\t\t<div class=\"elementor-widget-wrap elementor-element-populated\">\n\t\t\t\t\t\t\t<\/div>\n\t\t<\/div>\n\t\t\t\t\t<\/div>\n\t\t<\/section>\n\t\t\t\t<\/div>\n\t\t","protected":false},"excerpt":{"rendered":"<p>Digitalisierung und Transkription Digitalisierung und Transkription Digitalisierung mit Transkribus ScanTent Als Auswahlgrundlage f\u00fcr die Burgeninventare diente die Reihe A (Tiroler Landesarchiv) und der Zeitrahmen bis 1550. Die Digitalisierung wurde dann mit einem ScanTent\u00a0von Transkribus durchgef\u00fchrt. Das Scanzelt ist leicht und faltbar und &#8220;bietet optimale Bedingungen f\u00fcr das Fotografieren von handgeschriebenen und gedruckten Dokumenten.&#8221; F\u00fcr den [&hellip;]<\/p>\n","protected":false},"author":2,"featured_media":0,"parent":0,"menu_order":0,"comment_status":"closed","ping_status":"closed","template":"","meta":{"footnotes":""},"class_list":["post-1108","page","type-page","status-publish","hentry"],"translation":{"provider":"WPGlobus","version":"3.0.0","language":"gb","enabled_languages":["de","gb"],"languages":{"de":{"title":true,"content":true,"excerpt":false},"gb":{"title":false,"content":false,"excerpt":false}}},"yoast_head":"<!-- This site is optimized with the Yoast SEO plugin v25.2 - https:\/\/yoast.com\/wordpress\/plugins\/seo\/ -->\n<title>Digitalisierung und Transkription - Inventaria<\/title>\n<meta name=\"robots\" content=\"index, follow, max-snippet:-1, max-image-preview:large, max-video-preview:-1\" \/>\n<link rel=\"canonical\" href=\"https:\/\/www.inventaria.at\/digitalisierung\/\" \/>\n<meta property=\"og:locale\" content=\"en_GB\" \/>\n<meta property=\"og:type\" content=\"article\" \/>\n<meta property=\"og:title\" content=\"Digitalisierung und Transkription - Inventaria\" \/>\n<meta property=\"og:url\" content=\"https:\/\/www.inventaria.at\/digitalisierung\/\" \/>\n<meta property=\"og:site_name\" content=\"Inventaria\" \/>\n<meta property=\"article:modified_time\" content=\"2024-07-12T12:38:03+00:00\" \/>\n<meta property=\"og:image\" content=\"https:\/\/www.inventaria.at\/wp-content\/uploads\/2024\/06\/Picture1-1024x615.jpg\" \/>\n<meta name=\"twitter:card\" content=\"summary_large_image\" \/>\n<meta name=\"twitter:label1\" content=\"Est. reading time\" \/>\n\t<meta name=\"twitter:data1\" content=\"3 minutes\" \/>\n<script type=\"application\/ld+json\" class=\"yoast-schema-graph\">{\"@context\":\"https:\/\/schema.org\",\"@graph\":[{\"@type\":\"WebPage\",\"@id\":\"https:\/\/www.inventaria.at\/digitalisierung\/\",\"url\":\"https:\/\/www.inventaria.at\/digitalisierung\/\",\"name\":\"Digitalisierung und Transkription - Inventaria\",\"isPartOf\":{\"@id\":\"https:\/\/www.inventaria.at\/#website\"},\"primaryImageOfPage\":{\"@id\":\"https:\/\/www.inventaria.at\/digitalisierung\/#primaryimage\"},\"image\":{\"@id\":\"https:\/\/www.inventaria.at\/digitalisierung\/#primaryimage\"},\"thumbnailUrl\":\"https:\/\/www.inventaria.at\/wp-content\/uploads\/2024\/06\/Picture1-1024x615.jpg\",\"datePublished\":\"2024-06-26T15:04:16+00:00\",\"dateModified\":\"2024-07-12T12:38:03+00:00\",\"breadcrumb\":{\"@id\":\"https:\/\/www.inventaria.at\/digitalisierung\/#breadcrumb\"},\"inLanguage\":\"en-GB\",\"potentialAction\":[{\"@type\":\"ReadAction\",\"target\":[\"https:\/\/www.inventaria.at\/digitalisierung\/\"]}]},{\"@type\":\"ImageObject\",\"inLanguage\":\"en-GB\",\"@id\":\"https:\/\/www.inventaria.at\/digitalisierung\/#primaryimage\",\"url\":\"https:\/\/www.inventaria.at\/wp-content\/uploads\/2024\/06\/Picture1-1024x615.jpg\",\"contentUrl\":\"https:\/\/www.inventaria.at\/wp-content\/uploads\/2024\/06\/Picture1-1024x615.jpg\"},{\"@type\":\"BreadcrumbList\",\"@id\":\"https:\/\/www.inventaria.at\/digitalisierung\/#breadcrumb\",\"itemListElement\":[{\"@type\":\"ListItem\",\"position\":1,\"name\":\"Home\",\"item\":\"https:\/\/www.inventaria.at\/\"},{\"@type\":\"ListItem\",\"position\":2,\"name\":\"Digitalisierung und Transkription\"}]},{\"@type\":\"WebSite\",\"@id\":\"https:\/\/www.inventaria.at\/#website\",\"url\":\"https:\/\/www.inventaria.at\/\",\"name\":\"Inventaria\",\"description\":\"The Making of Inventories as Social Practice\",\"publisher\":{\"@id\":\"https:\/\/www.inventaria.at\/#organization\"},\"potentialAction\":[{\"@type\":\"SearchAction\",\"target\":{\"@type\":\"EntryPoint\",\"urlTemplate\":\"https:\/\/www.inventaria.at\/?s={search_term_string}\"},\"query-input\":{\"@type\":\"PropertyValueSpecification\",\"valueRequired\":true,\"valueName\":\"search_term_string\"}}],\"inLanguage\":\"en-GB\"},{\"@type\":\"Organization\",\"@id\":\"https:\/\/www.inventaria.at\/#organization\",\"name\":\"Inventaria\",\"url\":\"https:\/\/www.inventaria.at\/\",\"logo\":{\"@type\":\"ImageObject\",\"inLanguage\":\"en-GB\",\"@id\":\"https:\/\/www.inventaria.at\/#\/schema\/logo\/image\/\",\"url\":\"https:\/\/www.inventaria.at\/wp-content\/uploads\/2024\/02\/inventaria_logo_2.svg\",\"contentUrl\":\"https:\/\/www.inventaria.at\/wp-content\/uploads\/2024\/02\/inventaria_logo_2.svg\",\"width\":93,\"height\":144,\"caption\":\"Inventaria\"},\"image\":{\"@id\":\"https:\/\/www.inventaria.at\/#\/schema\/logo\/image\/\"}}]}<\/script>\n<!-- \/ Yoast SEO plugin. -->","yoast_head_json":{"title":"Digitalisierung und Transkription - Inventaria","robots":{"index":"index","follow":"follow","max-snippet":"max-snippet:-1","max-image-preview":"max-image-preview:large","max-video-preview":"max-video-preview:-1"},"canonical":"https:\/\/www.inventaria.at\/digitalisierung\/","og_locale":"en_GB","og_type":"article","og_title":"Digitalisierung und Transkription - Inventaria","og_url":"https:\/\/www.inventaria.at\/digitalisierung\/","og_site_name":"Inventaria","article_modified_time":"2024-07-12T12:38:03+00:00","og_image":[{"url":"https:\/\/www.inventaria.at\/wp-content\/uploads\/2024\/06\/Picture1-1024x615.jpg","type":"","width":"","height":""}],"twitter_card":"summary_large_image","twitter_misc":{"Est. reading time":"3 minutes"},"schema":{"@context":"https:\/\/schema.org","@graph":[{"@type":"WebPage","@id":"https:\/\/www.inventaria.at\/digitalisierung\/","url":"https:\/\/www.inventaria.at\/digitalisierung\/","name":"Digitalisierung und Transkription - Inventaria","isPartOf":{"@id":"https:\/\/www.inventaria.at\/#website"},"primaryImageOfPage":{"@id":"https:\/\/www.inventaria.at\/digitalisierung\/#primaryimage"},"image":{"@id":"https:\/\/www.inventaria.at\/digitalisierung\/#primaryimage"},"thumbnailUrl":"https:\/\/www.inventaria.at\/wp-content\/uploads\/2024\/06\/Picture1-1024x615.jpg","datePublished":"2024-06-26T15:04:16+00:00","dateModified":"2024-07-12T12:38:03+00:00","breadcrumb":{"@id":"https:\/\/www.inventaria.at\/digitalisierung\/#breadcrumb"},"inLanguage":"en-GB","potentialAction":[{"@type":"ReadAction","target":["https:\/\/www.inventaria.at\/digitalisierung\/"]}]},{"@type":"ImageObject","inLanguage":"en-GB","@id":"https:\/\/www.inventaria.at\/digitalisierung\/#primaryimage","url":"https:\/\/www.inventaria.at\/wp-content\/uploads\/2024\/06\/Picture1-1024x615.jpg","contentUrl":"https:\/\/www.inventaria.at\/wp-content\/uploads\/2024\/06\/Picture1-1024x615.jpg"},{"@type":"BreadcrumbList","@id":"https:\/\/www.inventaria.at\/digitalisierung\/#breadcrumb","itemListElement":[{"@type":"ListItem","position":1,"name":"Home","item":"https:\/\/www.inventaria.at\/"},{"@type":"ListItem","position":2,"name":"Digitalisierung und Transkription"}]},{"@type":"WebSite","@id":"https:\/\/www.inventaria.at\/#website","url":"https:\/\/www.inventaria.at\/","name":"Inventaria","description":"The Making of Inventories as Social Practice","publisher":{"@id":"https:\/\/www.inventaria.at\/#organization"},"potentialAction":[{"@type":"SearchAction","target":{"@type":"EntryPoint","urlTemplate":"https:\/\/www.inventaria.at\/?s={search_term_string}"},"query-input":{"@type":"PropertyValueSpecification","valueRequired":true,"valueName":"search_term_string"}}],"inLanguage":"en-GB"},{"@type":"Organization","@id":"https:\/\/www.inventaria.at\/#organization","name":"Inventaria","url":"https:\/\/www.inventaria.at\/","logo":{"@type":"ImageObject","inLanguage":"en-GB","@id":"https:\/\/www.inventaria.at\/#\/schema\/logo\/image\/","url":"https:\/\/www.inventaria.at\/wp-content\/uploads\/2024\/02\/inventaria_logo_2.svg","contentUrl":"https:\/\/www.inventaria.at\/wp-content\/uploads\/2024\/02\/inventaria_logo_2.svg","width":93,"height":144,"caption":"Inventaria"},"image":{"@id":"https:\/\/www.inventaria.at\/#\/schema\/logo\/image\/"}}]}},"_links":{"self":[{"href":"https:\/\/www.inventaria.at\/gb\/wp-json\/wp\/v2\/pages\/1108","targetHints":{"allow":["GET"]}}],"collection":[{"href":"https:\/\/www.inventaria.at\/gb\/wp-json\/wp\/v2\/pages"}],"about":[{"href":"https:\/\/www.inventaria.at\/gb\/wp-json\/wp\/v2\/types\/page"}],"author":[{"embeddable":true,"href":"https:\/\/www.inventaria.at\/gb\/wp-json\/wp\/v2\/users\/2"}],"replies":[{"embeddable":true,"href":"https:\/\/www.inventaria.at\/gb\/wp-json\/wp\/v2\/comments?post=1108"}],"version-history":[{"count":63,"href":"https:\/\/www.inventaria.at\/gb\/wp-json\/wp\/v2\/pages\/1108\/revisions"}],"predecessor-version":[{"id":1297,"href":"https:\/\/www.inventaria.at\/gb\/wp-json\/wp\/v2\/pages\/1108\/revisions\/1297"}],"wp:attachment":[{"href":"https:\/\/www.inventaria.at\/gb\/wp-json\/wp\/v2\/media?parent=1108"}],"curies":[{"name":"wp","href":"https:\/\/api.w.org\/{rel}","templated":true}]}}